{"id":7404,"date":"2016-01-15T09:18:33","date_gmt":"2016-01-15T08:18:33","guid":{"rendered":"https:\/\/www.smg-amenagement.fr\/2015\/?page_id=7404"},"modified":"2024-08-24T11:25:49","modified_gmt":"2024-08-24T10:25:49","slug":"mentions-legales","status":"publish","type":"page","link":"https:\/\/www.smg-amenagement.fr\/2015\/mentions-legales\/","title":{"rendered":"Mentions l\u00e9gales"},"content":{"rendered":"<p>[vc_row padding_top=\u00a0\u00bb80px\u00a0\u00bb][vc_column]<h4 class=\"eut-element eut-align-left eut-title-line\" style=\"\"><span>Propri\u00e9t\u00e9 du site<\/span><\/h4>[vc_column_text]Le site <a href=\"https:\/\/www.smg-amenagement.fr\">www.smg-amenagement.fr<\/a> est la propri\u00e9t\u00e9 pleine et enti\u00e8re de la soci\u00e9t\u00e9 SMG Am\u00e9nagement.<\/p>\n<p><strong>SMG Am\u00e9nagement<br \/>\n<\/strong>S.A.R.L au capital de 3000 \u20ac<br \/>\nSiret : 813 013 802 00018<br \/>\nCode activit\u00e9 : APE 4391A<br \/>\nTVA intracom\u00a0: FR 86 813013802<\/p>\n<p><strong>Adresse du si\u00e8ge social<br \/>\n<\/strong>SMG Am\u00e9nagement<br \/>\n9 rue du Stade<br \/>\n68600 BIESHEIM<br \/>\nT\u00e9l. : +33 6 38 59 62 39<br \/>\nE-mail : <a href=\"https:\/\/www.smg-amenagement.fr\/2015\/amenagement-interieur-specifique\/\">Nous contacter<\/a>[\/vc_column_text][\/vc_column][\/vc_row][vc_row padding_top=\u00a0\u00bb80px\u00a0\u00bb][vc_column]<h4 class=\"eut-element eut-align-left eut-title-line\" style=\"\"><span>Directeur\/Responsable de la publication<\/span><\/h4>[vc_column_text]La responsable du contenu du site est S\u00e9bastien MIGUET.[\/vc_column_text][\/vc_column][\/vc_row][vc_row padding_top=\u00a0\u00bb80px\u00a0\u00bb][vc_column]<h4 class=\"eut-element eut-align-left eut-title-line\" style=\"\"><span>Directeur Technique du site<\/span><\/h4>[vc_column_text]Le Directeur technique \/ webmaster du site est J\u00e9r\u00f4me MORLET.<\/p>\n<p><strong>E.I. J\u00e9r\u00f4me MORLET<\/strong><br \/>\n1, rue du Canal<br \/>\n68210 SAINT-ULRICH<br \/>\nT\u00e9l. : +33 3 89 25 51 81<br \/>\nFax : +33 3 59 03 90 32<br \/>\nE-mail : <a href=\"http:\/\/www.kowhaiwhai.com\/2014\/contact-infographiste-en-alsace\/\">Nous contacter<\/a>[\/vc_column_text][\/vc_column][\/vc_row][vc_row padding_top=\u00a0\u00bb80px\u00a0\u00bb][vc_column]<h4 class=\"eut-element eut-align-left eut-title-line\" style=\"\"><span>H\u00e9bergement<\/span><\/h4>[vc_column_text]<strong>OVH &#8211; <a href=\"http:\/\/www.ovh.com\">www.ovh.com<\/a><\/strong><br \/>\n140, quai du Sartel<br \/>\n59100 ROUBAIX<br \/>\nT\u00e9l. : +33 8 99 70 17 61<br \/>\nFax : +33 3 20 20 09 58<br \/>\nEmail : support@ovh.com[\/vc_column_text][\/vc_column][\/vc_row][vc_row padding_top=\u00a0\u00bb80px\u00a0\u00bb][vc_column]<h4 class=\"eut-element eut-align-left eut-title-line\" style=\"\"><span>Conception\/R\u00e9alisation<\/span><\/h4>[vc_column_text]<a href=\"http:\/\/www.kowhaiwhai.com\"><strong>Kowhaiwhai &#8211; Cr\u00e9ation webdesign &amp; print<\/strong><\/a><br \/>\nE.I. J\u00e9r\u00f4me MORLET<br \/>\n1, rue du Canal<br \/>\n68210 SAINT-ULRICH<br \/>\nT\u00e9l. : +33 3 89 25 51 81<br \/>\nFax : +33 3 59 03 90 32<br \/>\nE-mail : <a href=\"http:\/\/www.kowhaiwhai.com\/2014\/contact-infographiste-en-alsace\/\">Nous contacter<\/a>[\/vc_column_text][\/vc_column][\/vc_row][vc_row padding_top=\u00a0\u00bb80px\u00a0\u00bb][vc_column]<h4 class=\"eut-element eut-align-left eut-title-line\" style=\"\"><span>R\u00e9colte et traitement de donn\u00e9es personnelles<\/span><\/h4>[vc_column_text]Les informations recueillies par le biais du formulaire de contact sont utilis\u00e9es pour un usage interne et pour mieux r\u00e9pondre \u00e0 vos attentes.<\/p>\n<ul>\n<li>Aucune information personnelle n\u2019est collect\u00e9e \u00e0 votre insu<\/li>\n<li>Aucune information personnelle n\u2019est c\u00e9d\u00e9e \u00e0 des tiers<\/li>\n<li>Aucune information personnelle n\u2019est utilis\u00e9e \u00e0 des fins non pr\u00e9vues<\/li>\n<\/ul>\n<p>Vous disposez d\u2019un droit d\u2019acc\u00e8s, de modification, de rectification et de suppression des informations nominatives vous concernant (art. 34 de la loi \u00ab Informatique et Libert\u00e9s \u00bb du 6 janvier 1978). Pour exercer ce droit, il vous suffit de vous adresser :<\/p>\n<p><strong>SMG Am\u00e9nagement<\/strong><br \/>\n14, rue du Haut Bois<br \/>\n68210 ETEIMBES[\/vc_column_text][\/vc_column][\/vc_row][vc_row padding_top=\u00a0\u00bb80px\u00a0\u00bb][vc_column]<h4 class=\"eut-element eut-align-left eut-title-line\" style=\"\"><span>Propri\u00e9t\u00e9 intellectuelle<\/span><\/h4>[vc_column_text]L\u2019int\u00e9gralit\u00e9 de ce site, <a href=\"https:\/\/www.smg-amenagement.fr\">www.smg-amenagement.fr<\/a>, et tous ces contenus sont prot\u00e9g\u00e9s par les l\u00e9gislations fran\u00e7aises et internationales relatives au droit d\u2019auteur et \u00e0 la propri\u00e9t\u00e9 intellectuelle. Tous les droits de reproduction sont r\u00e9serv\u00e9s, y compris les documents t\u00e9l\u00e9chargeables et les repr\u00e9sentations iconographiques et photographiques.<\/p>\n<p>La reproduction de tout ou partie de ce site Internet sur un support quel qu\u2019il soit, est formellement interdite sauf autorisation expresse du directeur de la publication, conform\u00e9ment \u00e0 l\u2019article L.122-4 du Code de la Propri\u00e9t\u00e9 Intellectuelle. Le non-respect de cette interdiction constitue un acte de contrefa\u00e7on pouvant engager la responsabilit\u00e9 civile et\/ou p\u00e9nale de son auteur sanctionn\u00e9e par les articles L335-2 et suivants du Code de Propri\u00e9t\u00e9 Intellectuelle.<\/p>\n<p>Les marques \u00e9ventuellement cit\u00e9es sur ce site sont d\u00e9pos\u00e9es par les soci\u00e9t\u00e9s qui en sont propri\u00e9taires.[\/vc_column_text][\/vc_column][\/vc_row][vc_row padding_top=\u00a0\u00bb80px\u00a0\u00bb][vc_column]<h4 class=\"eut-element eut-align-left eut-title-line\" style=\"\"><span>Liens vers le site SMG Am\u00e9nagement<\/span><\/h4>[vc_column_text]SMG Am\u00e9nagement autorise toute personne \u00e0 cr\u00e9er un lien vers son site Web, sous r\u00e9serve que cette personne respecte les conditions g\u00e9n\u00e9rales ci-apr\u00e8s. Un site comportant un lien vers le site Internet SMG Am\u00e9nagement :<\/p>\n<ul>\n<li>est autoris\u00e9 \u00e0 \u00e9tablir un lien vers le contenu du site SMG Am\u00e9nagement, mais non \u00e0 le r\u00e9pliquer<\/li>\n<li>n\u2019est pas autoris\u00e9 \u00e0 cr\u00e9er un environnement de bordure ni un espace de navigation autour d\u2019un contenu du site SMG Am\u00e9nagement<\/li>\n<li>ne doit pas pr\u00e9senter d\u2019informations trompeuses ou erron\u00e9es concernant les services de SMG Am\u00e9nagement<\/li>\n<li>ne doit pas pr\u00e9senter de fa\u00e7on inexacte les relations entre SMG Am\u00e9nagement et le cr\u00e9ateur du lien<\/li>\n<li>ne doit pas laisser entendre que SMG Am\u00e9nagement approuve ou sponsorise le cr\u00e9ateur du lien, ni ses services ou produits<\/li>\n<li>ne doit pas utiliser les logos ou habillages commerciaux de SMG Am\u00e9nagement sans le consentement \u00e9crit pr\u00e9alable de SMG Am\u00e9nagement<\/li>\n<li>ne doit comporter aucun contenu pouvant \u00eatre interpr\u00e9t\u00e9 comme obsc\u00e8ne, calomnieux, diffamatoire, pornographique ou inappropri\u00e9 pour quelque \u00e2ge que ce soit<\/li>\n<li>ne doit comporter aucun contenu en infraction avec une loi<\/li>\n<li>doit accepter que le lien puisse \u00eatre supprim\u00e9 \u00e0 tout moment sur demande de SMG Am\u00e9nagement, si SMG Am\u00e9nagement souhaite exercer son droit de r\u00e9serve et revenir sur son consentement envers l\u2019existence du lien.<\/li>\n<\/ul>\n<p>[\/vc_column_text][\/vc_column][\/vc_row][vc_row padding_top=\u00a0\u00bb80px\u00a0\u00bb padding_bottom=\u00a0\u00bb140px\u00a0\u00bb][vc_column]<h4 class=\"eut-element eut-align-left eut-title-line\" style=\"\"><span>Liens vers des sites Web de tiers<\/span><\/h4>[vc_column_text]Le site de la soci\u00e9t\u00e9 SMG Am\u00e9nagement propose des liens vers des sites Web de tiers. Ces sites, non-contr\u00f4l\u00e9s par SMG Am\u00e9nagement, ne font pas partie du site de la soci\u00e9t\u00e9 SMG Am\u00e9nagement qui n\u2019a pas la ma\u00eetrise de leur contenu et d\u00e9cline par cons\u00e9quence toute responsabilit\u00e9 quant aux informations qui y sont pr\u00e9sent\u00e9es. SMG Am\u00e9nagement fournit ces liens uniquement pour la commodit\u00e9 de l\u2019utilisateur.[\/vc_column_text][\/vc_column][\/vc_row]<\/p>\n","protected":false},"excerpt":{"rendered":"<p>[vc_row padding_top=\u00a0\u00bb80px\u00a0\u00bb][vc_column][vc_column_text]Le site www.smg-amenagement.fr est la propri\u00e9t\u00e9 pleine et enti\u00e8re de la soci\u00e9t\u00e9 SMG Am\u00e9nagement. SMG Am\u00e9nagement S.A.R.L au capital de 3000 \u20ac Siret : 813 013 802 00018 Code activit\u00e9 : APE 4391A TVA intracom\u00a0: FR 86 813013802 Adresse du si\u00e8ge social SMG Am\u00e9nagement 9 rue du Stade 68600 BIESHEIM T\u00e9l. : +33 6 [&hellip;]<\/p>\n","protected":false},"author":2,"featured_media":0,"parent":0,"menu_order":0,"comment_status":"closed","ping_status":"closed","template":"","meta":[],"yoast_head":"<!-- This site is optimized with the Yoast SEO plugin v17.1 - https:\/\/yoast.com\/wordpress\/plugins\/seo\/ -->\n<title>SMG Am\u00e9nagement sp\u00e9cifique -\u00a0Mentions l\u00e9gales<\/title>\n<meta name=\"description\" content=\"SMG Am\u00e9nagement Sp\u00e9cifique (contruction de cabanes dans les arbres, terrasses bois, am\u00e9nagement int\u00e9rieur, extension \/ agrandissement de maison...) : les mentions l\u00e9gales\" \/>\n<meta name=\"robots\" content=\"index, follow, max-snippet:-1, max-image-preview:large, max-video-preview:-1\" \/>\n<link rel=\"canonical\" href=\"https:\/\/www.smg-amenagement.fr\/2015\/mentions-legales\/\" \/>\n<meta property=\"og:locale\" content=\"fr_FR\" \/>\n<meta property=\"og:type\" content=\"article\" \/>\n<meta property=\"og:title\" content=\"SMG Am\u00e9nagement sp\u00e9cifique -\u00a0Mentions l\u00e9gales\" \/>\n<meta property=\"og:description\" content=\"SMG Am\u00e9nagement Sp\u00e9cifique (contruction de cabanes dans les arbres, terrasses bois, am\u00e9nagement int\u00e9rieur, extension \/ agrandissement de maison...) : les mentions l\u00e9gales\" \/>\n<meta property=\"og:url\" content=\"https:\/\/www.smg-amenagement.fr\/2015\/mentions-legales\/\" \/>\n<meta property=\"og:site_name\" content=\"SMG Am\u00e9nagement sp\u00e9cifique\" \/>\n<meta property=\"article:publisher\" content=\"https:\/\/www.facebook.com\/smgamenagement.fr\/\" \/>\n<meta property=\"article:modified_time\" content=\"2024-08-24T10:25:49+00:00\" \/>\n<meta name=\"twitter:card\" content=\"summary\" \/>\n<meta name=\"twitter:label1\" content=\"Dur\u00e9e de lecture est.\" \/>\n\t<meta name=\"twitter:data1\" content=\"5 minutes\" \/>\n<script type=\"application\/ld+json\" class=\"yoast-schema-graph\">{\"@context\":\"https:\/\/schema.org\",\"@graph\":[{\"@type\":\"WebSite\",\"@id\":\"https:\/\/www.smg-amenagement.fr\/2015\/#website\",\"url\":\"https:\/\/www.smg-amenagement.fr\/2015\/\",\"name\":\"SMG Am\\u00e9nagement sp\\u00e9cifique\",\"description\":\"\",\"potentialAction\":[{\"@type\":\"SearchAction\",\"target\":{\"@type\":\"EntryPoint\",\"urlTemplate\":\"https:\/\/www.smg-amenagement.fr\/2015\/?s={search_term_string}\"},\"query-input\":\"required name=search_term_string\"}],\"inLanguage\":\"fr-FR\"},{\"@type\":\"WebPage\",\"@id\":\"https:\/\/www.smg-amenagement.fr\/2015\/mentions-legales\/#webpage\",\"url\":\"https:\/\/www.smg-amenagement.fr\/2015\/mentions-legales\/\",\"name\":\"SMG Am\\u00e9nagement sp\\u00e9cifique -\\u00a0Mentions l\\u00e9gales\",\"isPartOf\":{\"@id\":\"https:\/\/www.smg-amenagement.fr\/2015\/#website\"},\"datePublished\":\"2016-01-15T08:18:33+00:00\",\"dateModified\":\"2024-08-24T10:25:49+00:00\",\"description\":\"SMG Am\\u00e9nagement Sp\\u00e9cifique (contruction de cabanes dans les arbres, terrasses bois, am\\u00e9nagement int\\u00e9rieur, extension \/ agrandissement de maison...) : les mentions l\\u00e9gales\",\"breadcrumb\":{\"@id\":\"https:\/\/www.smg-amenagement.fr\/2015\/mentions-legales\/#breadcrumb\"},\"inLanguage\":\"fr-FR\",\"potentialAction\":[{\"@type\":\"ReadAction\",\"target\":[\"https:\/\/www.smg-amenagement.fr\/2015\/mentions-legales\/\"]}]},{\"@type\":\"BreadcrumbList\",\"@id\":\"https:\/\/www.smg-amenagement.fr\/2015\/mentions-legales\/#breadcrumb\",\"itemListElement\":[{\"@type\":\"ListItem\",\"position\":1,\"name\":\"Mentions l\\u00e9gales\"}]}]}<\/script>\n<!-- \/ Yoast SEO plugin. -->","yoast_head_json":{"title":"SMG Am\u00e9nagement sp\u00e9cifique -\u00a0Mentions l\u00e9gales","description":"SMG Am\u00e9nagement Sp\u00e9cifique (contruction de cabanes dans les arbres, terrasses bois, am\u00e9nagement int\u00e9rieur, extension \/ agrandissement de maison...) : les mentions l\u00e9gales","robots":{"index":"index","follow":"follow","max-snippet":"max-snippet:-1","max-image-preview":"max-image-preview:large","max-video-preview":"max-video-preview:-1"},"canonical":"https:\/\/www.smg-amenagement.fr\/2015\/mentions-legales\/","og_locale":"fr_FR","og_type":"article","og_title":"SMG Am\u00e9nagement sp\u00e9cifique -\u00a0Mentions l\u00e9gales","og_description":"SMG Am\u00e9nagement Sp\u00e9cifique (contruction de cabanes dans les arbres, terrasses bois, am\u00e9nagement int\u00e9rieur, extension \/ agrandissement de maison...) : les mentions l\u00e9gales","og_url":"https:\/\/www.smg-amenagement.fr\/2015\/mentions-legales\/","og_site_name":"SMG Am\u00e9nagement sp\u00e9cifique","article_publisher":"https:\/\/www.facebook.com\/smgamenagement.fr\/","article_modified_time":"2024-08-24T10:25:49+00:00","twitter_card":"summary","twitter_misc":{"Dur\u00e9e de lecture est.":"5 minutes"},"schema":{"@context":"https:\/\/schema.org","@graph":[{"@type":"WebSite","@id":"https:\/\/www.smg-amenagement.fr\/2015\/#website","url":"https:\/\/www.smg-amenagement.fr\/2015\/","name":"SMG Am\u00e9nagement sp\u00e9cifique","description":"","potentialAction":[{"@type":"SearchAction","target":{"@type":"EntryPoint","urlTemplate":"https:\/\/www.smg-amenagement.fr\/2015\/?s={search_term_string}"},"query-input":"required name=search_term_string"}],"inLanguage":"fr-FR"},{"@type":"WebPage","@id":"https:\/\/www.smg-amenagement.fr\/2015\/mentions-legales\/#webpage","url":"https:\/\/www.smg-amenagement.fr\/2015\/mentions-legales\/","name":"SMG Am\u00e9nagement sp\u00e9cifique -\u00a0Mentions l\u00e9gales","isPartOf":{"@id":"https:\/\/www.smg-amenagement.fr\/2015\/#website"},"datePublished":"2016-01-15T08:18:33+00:00","dateModified":"2024-08-24T10:25:49+00:00","description":"SMG Am\u00e9nagement Sp\u00e9cifique (contruction de cabanes dans les arbres, terrasses bois, am\u00e9nagement int\u00e9rieur, extension \/ agrandissement de maison...) : les mentions l\u00e9gales","breadcrumb":{"@id":"https:\/\/www.smg-amenagement.fr\/2015\/mentions-legales\/#breadcrumb"},"inLanguage":"fr-FR","potentialAction":[{"@type":"ReadAction","target":["https:\/\/www.smg-amenagement.fr\/2015\/mentions-legales\/"]}]},{"@type":"BreadcrumbList","@id":"https:\/\/www.smg-amenagement.fr\/2015\/mentions-legales\/#breadcrumb","itemListElement":[{"@type":"ListItem","position":1,"name":"Mentions l\u00e9gales"}]}]}},"_links":{"self":[{"href":"https:\/\/www.smg-amenagement.fr\/2015\/wp-json\/wp\/v2\/pages\/7404"}],"collection":[{"href":"https:\/\/www.smg-amenagement.fr\/2015\/wp-json\/wp\/v2\/pages"}],"about":[{"href":"https:\/\/www.smg-amenagement.fr\/2015\/wp-json\/wp\/v2\/types\/page"}],"author":[{"embeddable":true,"href":"https:\/\/www.smg-amenagement.fr\/2015\/wp-json\/wp\/v2\/users\/2"}],"replies":[{"embeddable":true,"href":"https:\/\/www.smg-amenagement.fr\/2015\/wp-json\/wp\/v2\/comments?post=7404"}],"version-history":[{"count":1,"href":"https:\/\/www.smg-amenagement.fr\/2015\/wp-json\/wp\/v2\/pages\/7404\/revisions"}],"predecessor-version":[{"id":7626,"href":"https:\/\/www.smg-amenagement.fr\/2015\/wp-json\/wp\/v2\/pages\/7404\/revisions\/7626"}],"wp:attachment":[{"href":"https:\/\/www.smg-amenagement.fr\/2015\/wp-json\/wp\/v2\/media?parent=7404"}],"curies":[{"name":"wp","href":"https:\/\/api.w.org\/{rel}","templated":true}]}}