{"id":6525,"date":"2015-10-28T21:04:37","date_gmt":"2015-10-28T20:04:37","guid":{"rendered":"https:\/\/www.smg-amenagement.fr\/2015\/?page_id=6525"},"modified":"2021-09-03T07:41:52","modified_gmt":"2021-09-03T06:41:52","slug":"cabane-dans-les-arbres","status":"publish","type":"page","link":"https:\/\/www.smg-amenagement.fr\/2015\/cabane-dans-les-arbres\/","title":{"rendered":"H\u00f4tel et g\u00eetes"},"content":{"rendered":"<p>[vc_row heading_color=\u00a0\u00bblight\u00a0\u00bb section_type=\u00a0\u00bbfullwidth-element\u00a0\u00bb bg_type=\u00a0\u00bbcolor\u00a0\u00bb header_feature=\u00a0\u00bbyes\u00a0\u00bb font_color=\u00a0\u00bb#b8b8b8&Prime; bg_color=\u00a0\u00bb#141414&Prime;][vc_column tablet_sm_width=\u00a0\u00bb1&Prime; css=\u00a0\u00bb.vc_custom_1447871912589{padding-top: 180px !important;padding-right: 20% !important;padding-bottom: 9% !important;padding-left: 20% !important;}\u00a0\u00bb]<div class=\"eut-element eut-box-icon eut-align-center eut-large\" style=\"\">  <div class=\"eut-wrapper-icon eut-no-shape eut-color-grey\"><i class=\"fa fa-home eut-color-primary-1\"><\/i><\/div>  <div class=\"eut-box-content\">      <h2 class=\"eut-box-title\">Un h\u00e9bergement atypique<\/h2>    <p class=\"eut-leader-text\">Diversifiez ou agrandissez votre capacit\u00e9 d&rsquo;accueil par la <a href=\"https:\/\/www.smg-amenagement.fr\/2015\/cabanes-dans-les-arbres\/\">construction d&rsquo;une cabane dans les arbres<\/a>, et offrez \u00e0 votre client\u00e8le un s\u00e9jour en pleine nature ! La conception et les mat\u00e9riaux de ce mode d&rsquo;h\u00e9bergement original cr\u00e9ent, par eux-m\u00eames, une ambiance naturelle et chaleureuse. Vous valorisez ainsi le site tout en garantissant un d\u00e9paysement total pour les occupants.<\/p>  <\/div><\/div>[\/vc_column][\/vc_row][vc_row section_type=\u00a0\u00bbfullwidth-element\u00a0\u00bb bg_type=\u00a0\u00bbcolor\u00a0\u00bb bg_color=\u00a0\u00bb#b6aea8&Prime;][vc_column width=\u00a0\u00bb1\/2&Prime; tablet_sm_width=\u00a0\u00bb1&Prime;]<div class=\"eut-element eut-gallery eut-isotope eut-gallery-popup\" style=\"\" data-columns=\"2\" data-columns-tablet-landscape=\"2\" data-columns-tablet-portrait=\"2\" data-columns-mobile=\"2\" data-layout=\"fitRows\">  <div class=\"eut-isotope-container\"><div class=\"eut-isotope-item \"><a href=\"https:\/\/www.smg-amenagement.fr\/2015\/wp-content\/uploads\/2015\/11\/nav_nos-metiers_cabanes_block-bg-1.jpg\">    <figure class=\"eut-image-hover eut-zoom-in\">      <div class=\"eut-media eut-light-overlay eut-opacity-20\"><img width=\"600\" height=\"600\" src=\"https:\/\/www.smg-amenagement.fr\/2015\/wp-content\/uploads\/2015\/11\/nav_nos-metiers_cabanes_block-bg-1-600x600.jpg\" class=\"attachment-eut-image-small-square size-eut-image-small-square\" alt=\"\" srcset=\"https:\/\/www.smg-amenagement.fr\/2015\/wp-content\/uploads\/2015\/11\/nav_nos-metiers_cabanes_block-bg-1-600x600.jpg 600w, https:\/\/www.smg-amenagement.fr\/2015\/wp-content\/uploads\/2015\/11\/nav_nos-metiers_cabanes_block-bg-1-150x150.jpg 150w\" sizes=\"(max-width: 600px) 100vw, 600px\" \/>      <\/div>      <figcaption>      <\/figcaption>    <\/figure><\/a><\/div><div class=\"eut-isotope-item \"><a href=\"https:\/\/www.smg-amenagement.fr\/2015\/wp-content\/uploads\/2015\/11\/nav_nos-metiers_amenagement_block-bg-1.jpg\">    <figure class=\"eut-image-hover eut-zoom-in\">      <div class=\"eut-media eut-light-overlay eut-opacity-20\"><img width=\"600\" height=\"600\" src=\"https:\/\/www.smg-amenagement.fr\/2015\/wp-content\/uploads\/2015\/11\/nav_nos-metiers_amenagement_block-bg-1-600x600.jpg\" class=\"attachment-eut-image-small-square size-eut-image-small-square\" alt=\"\" srcset=\"https:\/\/www.smg-amenagement.fr\/2015\/wp-content\/uploads\/2015\/11\/nav_nos-metiers_amenagement_block-bg-1-600x600.jpg 600w, https:\/\/www.smg-amenagement.fr\/2015\/wp-content\/uploads\/2015\/11\/nav_nos-metiers_amenagement_block-bg-1-150x150.jpg 150w\" sizes=\"(max-width: 600px) 100vw, 600px\" \/>      <\/div>      <figcaption>      <\/figcaption>    <\/figure><\/a><\/div>  <\/div><\/div>[\/vc_column][vc_column width=\u00a0\u00bb1\/2&Prime; tablet_sm_width=\u00a0\u00bb1&Prime; css=\u00a0\u00bb.vc_custom_1452595913628{padding-top: 3% !important;padding-right: 5% !important;padding-bottom: 3% !important;padding-left: 5% !important;}\u00a0\u00bb el_class=\u00a0\u00bbeut-color-white\u00a0\u00bb]<h4 class=\"eut-element eut-align-left eut-title-no-line\" style=\"\"><span>Les avantages d'une cabane dans les arbres<\/span><\/h4>[vc_column_text text_style=\u00a0\u00bbleader-text\u00a0\u00bb]La cabane dans les arbres\u00a0(ou sur pilotis) peut avoir plusieurs fonctions : chambre \u00e0 coucher avec vue panoramique, salon de massage, sauna&#8230;[\/vc_column_text][vc_column_text]<\/p>\n<ul>\n<li>Construction rapide (de\u00a05 \u00e0\u00a07 semaines en fonction de l\u2019ouvrage)<\/li>\n<li>Possibilit\u00e9 de raccordement en eau et \u00e9lectricit\u00e9<\/li>\n<li>Ne n\u00e9cessite pas de moyens lourds au d\u00e9triment des am\u00e9nagements ext\u00e9rieurs<\/li>\n<li>Vous permet d&rsquo;acc\u00e9der \u00e0\u00a0une\u00a0nouvelle client\u00e8le, avec\u00a0un\u00a0h\u00e9bergement de simple \u00e0\u00a0tr\u00e8s raffin\u00e9<\/li>\n<\/ul>\n<p>[\/vc_column_text]<div class=\"eut-element eut-align-left eut-animated-item eut-fadeInLeft\" data-delay=\"200\"><a class=\"eut-btn eut-btn-large eut-extra-round eut-white-color eut-btn-line\" href=\"https:\/\/www.smg-amenagement.fr\/2015\/amenagement-interieur-et-exterieur\/\" target=\"_self\" style=\"margin-bottom: 30px;\"><span>Voir toutes nos r\u00e9alisations<\/span><\/a><\/div>[\/vc_column][\/vc_row][vc_row bg_type=\u00a0\u00bbimage\u00a0\u00bb bg_image=\u00a0\u00bb6419&Prime; bg_image_type=\u00a0\u00bbparallax\u00a0\u00bb padding_top=\u00a0\u00bb120px\u00a0\u00bb padding_bottom=\u00a0\u00bb60px\u00a0\u00bb margin_bottom=\u00a0\u00bb0&Prime;][vc_column css=\u00a0\u00bb.vc_custom_1448462846558{padding-right: 15% !important;padding-bottom: 40px !important;padding-left: 15% !important;}\u00a0\u00bb]<div class=\"eut-element eut-slogan eut-align-center\" style=\"\"><h2 class=\"eut-slogan-title eut-align-center eut-title-no-line\"><span>Pourquoi choisir SMG Am\u00e9nagement ? <small>Un accompagnement sur mesure<\/small><\/span><\/h2>  <p class=\"eut-leader-text\">Guid\u00e9s par vos id\u00e9es et vos souhaits, nous r\u00e9alisons vos ouvrages sur mesure et vous accompagnons, de l&rsquo;\u00e9tude financi\u00e8re et de rentabilit\u00e9 initiale \u00e0 l&rsquo;ach\u00e8vement de la construction.<\/p><\/div>[\/vc_column][\/vc_row][vc_row bg_type=\u00a0\u00bbcolor\u00a0\u00bb padding_bottom=\u00a0\u00bb80px\u00a0\u00bb margin_bottom=\u00a0\u00bb0&Prime; padding_top=\u00a0\u00bb80px\u00a0\u00bb bg_color=\u00a0\u00bb#f9f7f6&Prime;][vc_column width=\u00a0\u00bb1\/3&Prime; tablet_width=\u00a0\u00bb1-3&Prime; tablet_sm_width=\u00a0\u00bb1&Prime;]<div class=\"eut-element eut-box-icon eut-align-left eut-small eut-animated-item eut-fadeInUp\" style=\"\" data-delay=\"200\">  <div class=\"eut-wrapper-icon eut-no-shape eut-color-grey\"><i class=\"fa fa-users eut-color-grey\"><\/i><\/div>  <div class=\"eut-box-content\">      <h4 class=\"eut-box-title\">Une \u00e9quipe unique<\/h4>    <p class=\"\">SMG Am\u00e9nagement assure le conseil, le dessin, l\u2019\u00e9tude, la fabrication, l\u2019ajustement et l\u2019assemblage. Nous sommes \u00e0 vos c\u00f4t\u00e9s, tout au long du projet, et restons votre seul interlocuteur.<\/p>  <\/div><\/div>[\/vc_column][vc_column width=\u00a0\u00bb1\/3&Prime; tablet_width=\u00a0\u00bb1-3&Prime; tablet_sm_width=\u00a0\u00bb1&Prime;]<div class=\"eut-element eut-box-icon eut-align-left eut-small eut-animated-item eut-fadeInUp\" style=\"\" data-delay=\"200\">  <div class=\"eut-wrapper-icon eut-no-shape eut-color-grey\"><i class=\"fa fa-search eut-color-grey\"><\/i><\/div>  <div class=\"eut-box-content\">      <h4 class=\"eut-box-title\">Soin du d\u00e9tail<\/h4>    <p class=\"\">Les essences de bois sont choisies en fonction de l\u2019exposition, du sens de pose et de l&rsquo;environnement. SMG Am\u00e9nagement apporte un soin tout particulier \u00e0 l&rsquo;harmonie des couleurs naturelles des mat\u00e9riaux.<\/p>  <\/div><\/div>[\/vc_column][vc_column width=\u00a0\u00bb1\/3&Prime; tablet_width=\u00a0\u00bb1-3&Prime; tablet_sm_width=\u00a0\u00bb1&Prime;]<div class=\"eut-element eut-box-icon eut-align-left eut-small eut-animated-item eut-fadeInUp\" style=\"\" data-delay=\"200\">  <div class=\"eut-wrapper-icon eut-no-shape eut-color-grey\"><i class=\"fa fa-truck eut-color-grey\"><\/i><\/div>  <div class=\"eut-box-content\">      <h4 class=\"eut-box-title\">Proximit\u00e9<\/h4>    <p class=\"\">Aucun frais de d\u00e9placement ne vient s&rsquo;ajouter au projet. SMG Am\u00e9nagement effectue la r\u00e9alisation sur site, avec la possibilit\u00e9 \u00e0 tout moment d\u2019effectuer des modifications, contrairement \u00e0 des r\u00e9alisations ex\u00e9cut\u00e9es par des outils num\u00e9riques.<\/p>  <\/div><\/div>[\/vc_column][\/vc_row][vc_row bg_type=\u00a0\u00bbcolor\u00a0\u00bb bg_color=\u00a0\u00bb#ee813c\u00a0\u00bb padding_top=\u00a0\u00bb60px\u00a0\u00bb padding_bottom=\u00a0\u00bb60px\u00a0\u00bb][vc_column width=\u00a0\u00bb2\/3&Prime;][vc_column_text text_style=\u00a0\u00bbleader-text\u00a0\u00bb]<\/p>\n<h4 style=\"color: #ffffff;\">Une id\u00e9e, un projet ?<\/h4>\n<p><span style=\"color: #000;\">Vous souhaitez diversifier\u00a0votre offre et proposer des h\u00e9bergement atypiques ?\u00a0Vous\u00a0avez besoin de conseils et d&rsquo;un accompagnement sur mesure ?<\/span>[\/vc_column_text][\/vc_column][vc_column width=\u00a0\u00bb1\/3&Prime;][vc_empty_space height=\u00a0\u00bb20px\u00a0\u00bb]<div class=\"eut-element eut-align-center eut-animated-item eut-fadeInLeft\" data-delay=\"200\"><a class=\"eut-btn eut-btn-large eut-extra-round eut-white-color\" href=\"https:\/\/www.smg-amenagement.fr\/2015\/amenagement-interieur-specifique\/\" target=\"_self\" style=\"\"><span>Contactez-nous<\/span><\/a><\/div>[\/vc_column][\/vc_row]<\/p>\n","protected":false},"excerpt":{"rendered":"<p>[vc_row heading_color=\u00a0\u00bblight\u00a0\u00bb section_type=\u00a0\u00bbfullwidth-element\u00a0\u00bb bg_type=\u00a0\u00bbcolor\u00a0\u00bb header_feature=\u00a0\u00bbyes\u00a0\u00bb font_color=\u00a0\u00bb#b8b8b8&Prime; bg_color=\u00a0\u00bb#141414&Prime;][vc_column tablet_sm_width=\u00a0\u00bb1&Prime; css=\u00a0\u00bb.vc_custom_1447871912589{padding-top: 180px !important;padding-right: 20% !important;padding-bottom: 9% !important;padding-left: 20% !important;}\u00a0\u00bb][\/vc_column][\/vc_row][vc_row section_type=\u00a0\u00bbfullwidth-element\u00a0\u00bb bg_type=\u00a0\u00bbcolor\u00a0\u00bb bg_color=\u00a0\u00bb#b6aea8&Prime;][vc_column width=\u00a0\u00bb1\/2&Prime; tablet_sm_width=\u00a0\u00bb1&Prime;][\/vc_column][vc_column width=\u00a0\u00bb1\/2&Prime; tablet_sm_width=\u00a0\u00bb1&Prime; css=\u00a0\u00bb.vc_custom_1452595913628{padding-top: 3% !important;padding-right: 5% !important;padding-bottom: 3% !important;padding-left: 5% !important;}\u00a0\u00bb el_class=\u00a0\u00bbeut-color-white\u00a0\u00bb][vc_column_text text_style=\u00a0\u00bbleader-text\u00a0\u00bb]La cabane dans les arbres\u00a0(ou sur pilotis) peut avoir plusieurs fonctions : chambre \u00e0 coucher avec vue panoramique, salon de massage, [&hellip;]<\/p>\n","protected":false},"author":2,"featured_media":0,"parent":0,"menu_order":0,"comment_status":"closed","ping_status":"closed","template":"","meta":[],"yoast_head":"<!-- This site is optimized with the Yoast SEO plugin v17.1 - https:\/\/yoast.com\/wordpress\/plugins\/seo\/ -->\n<title>Cabane dans les arbres : une solution pour h\u00f4tels et g\u00eetes<\/title>\n<meta name=\"description\" content=\"Vous poss\u00e9dez un h\u00f4tel ou un g\u00eete et souhaitez diversifier votre offre ? Optez pour la construction d&#039;une cabane dans les arbres avec SMG Am\u00e9nagement (68)\" \/>\n<meta name=\"robots\" content=\"index, follow, max-snippet:-1, max-image-preview:large, max-video-preview:-1\" \/>\n<link rel=\"canonical\" href=\"https:\/\/www.smg-amenagement.fr\/2015\/cabane-dans-les-arbres\/\" \/>\n<meta property=\"og:locale\" content=\"fr_FR\" \/>\n<meta property=\"og:type\" content=\"article\" \/>\n<meta property=\"og:title\" content=\"Cabane dans les arbres : une solution pour h\u00f4tels et g\u00eetes\" \/>\n<meta property=\"og:description\" content=\"Vous poss\u00e9dez un h\u00f4tel ou un g\u00eete et souhaitez diversifier votre offre ? Optez pour la construction d&#039;une cabane dans les arbres avec SMG Am\u00e9nagement (68)\" \/>\n<meta property=\"og:url\" content=\"https:\/\/www.smg-amenagement.fr\/2015\/cabane-dans-les-arbres\/\" \/>\n<meta property=\"og:site_name\" content=\"SMG Am\u00e9nagement sp\u00e9cifique\" \/>\n<meta property=\"article:publisher\" content=\"https:\/\/www.facebook.com\/smgamenagement.fr\/\" \/>\n<meta property=\"article:modified_time\" content=\"2021-09-03T06:41:52+00:00\" \/>\n<meta name=\"twitter:card\" content=\"summary\" \/>\n<meta name=\"twitter:label1\" content=\"Dur\u00e9e de lecture est.\" \/>\n\t<meta name=\"twitter:data1\" content=\"4 minutes\" \/>\n<script type=\"application\/ld+json\" class=\"yoast-schema-graph\">{\"@context\":\"https:\/\/schema.org\",\"@graph\":[{\"@type\":\"WebSite\",\"@id\":\"https:\/\/www.smg-amenagement.fr\/2015\/#website\",\"url\":\"https:\/\/www.smg-amenagement.fr\/2015\/\",\"name\":\"SMG Am\\u00e9nagement sp\\u00e9cifique\",\"description\":\"\",\"potentialAction\":[{\"@type\":\"SearchAction\",\"target\":{\"@type\":\"EntryPoint\",\"urlTemplate\":\"https:\/\/www.smg-amenagement.fr\/2015\/?s={search_term_string}\"},\"query-input\":\"required name=search_term_string\"}],\"inLanguage\":\"fr-FR\"},{\"@type\":\"WebPage\",\"@id\":\"https:\/\/www.smg-amenagement.fr\/2015\/cabane-dans-les-arbres\/#webpage\",\"url\":\"https:\/\/www.smg-amenagement.fr\/2015\/cabane-dans-les-arbres\/\",\"name\":\"Cabane dans les arbres : une solution pour h\\u00f4tels et g\\u00eetes\",\"isPartOf\":{\"@id\":\"https:\/\/www.smg-amenagement.fr\/2015\/#website\"},\"datePublished\":\"2015-10-28T20:04:37+00:00\",\"dateModified\":\"2021-09-03T06:41:52+00:00\",\"description\":\"Vous poss\\u00e9dez un h\\u00f4tel ou un g\\u00eete et souhaitez diversifier votre offre ? Optez pour la construction d'une cabane dans les arbres avec SMG Am\\u00e9nagement (68)\",\"breadcrumb\":{\"@id\":\"https:\/\/www.smg-amenagement.fr\/2015\/cabane-dans-les-arbres\/#breadcrumb\"},\"inLanguage\":\"fr-FR\",\"potentialAction\":[{\"@type\":\"ReadAction\",\"target\":[\"https:\/\/www.smg-amenagement.fr\/2015\/cabane-dans-les-arbres\/\"]}]},{\"@type\":\"BreadcrumbList\",\"@id\":\"https:\/\/www.smg-amenagement.fr\/2015\/cabane-dans-les-arbres\/#breadcrumb\",\"itemListElement\":[{\"@type\":\"ListItem\",\"position\":1,\"name\":\"H\\u00f4tel et g\\u00eetes\"}]}]}<\/script>\n<!-- \/ Yoast SEO plugin. -->","yoast_head_json":{"title":"Cabane dans les arbres : une solution pour h\u00f4tels et g\u00eetes","description":"Vous poss\u00e9dez un h\u00f4tel ou un g\u00eete et souhaitez diversifier votre offre ? Optez pour la construction d'une cabane dans les arbres avec SMG Am\u00e9nagement (68)","robots":{"index":"index","follow":"follow","max-snippet":"max-snippet:-1","max-image-preview":"max-image-preview:large","max-video-preview":"max-video-preview:-1"},"canonical":"https:\/\/www.smg-amenagement.fr\/2015\/cabane-dans-les-arbres\/","og_locale":"fr_FR","og_type":"article","og_title":"Cabane dans les arbres : une solution pour h\u00f4tels et g\u00eetes","og_description":"Vous poss\u00e9dez un h\u00f4tel ou un g\u00eete et souhaitez diversifier votre offre ? Optez pour la construction d'une cabane dans les arbres avec SMG Am\u00e9nagement (68)","og_url":"https:\/\/www.smg-amenagement.fr\/2015\/cabane-dans-les-arbres\/","og_site_name":"SMG Am\u00e9nagement sp\u00e9cifique","article_publisher":"https:\/\/www.facebook.com\/smgamenagement.fr\/","article_modified_time":"2021-09-03T06:41:52+00:00","twitter_card":"summary","twitter_misc":{"Dur\u00e9e de lecture est.":"4 minutes"},"schema":{"@context":"https:\/\/schema.org","@graph":[{"@type":"WebSite","@id":"https:\/\/www.smg-amenagement.fr\/2015\/#website","url":"https:\/\/www.smg-amenagement.fr\/2015\/","name":"SMG Am\u00e9nagement sp\u00e9cifique","description":"","potentialAction":[{"@type":"SearchAction","target":{"@type":"EntryPoint","urlTemplate":"https:\/\/www.smg-amenagement.fr\/2015\/?s={search_term_string}"},"query-input":"required name=search_term_string"}],"inLanguage":"fr-FR"},{"@type":"WebPage","@id":"https:\/\/www.smg-amenagement.fr\/2015\/cabane-dans-les-arbres\/#webpage","url":"https:\/\/www.smg-amenagement.fr\/2015\/cabane-dans-les-arbres\/","name":"Cabane dans les arbres : une solution pour h\u00f4tels et g\u00eetes","isPartOf":{"@id":"https:\/\/www.smg-amenagement.fr\/2015\/#website"},"datePublished":"2015-10-28T20:04:37+00:00","dateModified":"2021-09-03T06:41:52+00:00","description":"Vous poss\u00e9dez un h\u00f4tel ou un g\u00eete et souhaitez diversifier votre offre ? Optez pour la construction d'une cabane dans les arbres avec SMG Am\u00e9nagement (68)","breadcrumb":{"@id":"https:\/\/www.smg-amenagement.fr\/2015\/cabane-dans-les-arbres\/#breadcrumb"},"inLanguage":"fr-FR","potentialAction":[{"@type":"ReadAction","target":["https:\/\/www.smg-amenagement.fr\/2015\/cabane-dans-les-arbres\/"]}]},{"@type":"BreadcrumbList","@id":"https:\/\/www.smg-amenagement.fr\/2015\/cabane-dans-les-arbres\/#breadcrumb","itemListElement":[{"@type":"ListItem","position":1,"name":"H\u00f4tel et g\u00eetes"}]}]}},"_links":{"self":[{"href":"https:\/\/www.smg-amenagement.fr\/2015\/wp-json\/wp\/v2\/pages\/6525"}],"collection":[{"href":"https:\/\/www.smg-amenagement.fr\/2015\/wp-json\/wp\/v2\/pages"}],"about":[{"href":"https:\/\/www.smg-amenagement.fr\/2015\/wp-json\/wp\/v2\/types\/page"}],"author":[{"embeddable":true,"href":"https:\/\/www.smg-amenagement.fr\/2015\/wp-json\/wp\/v2\/users\/2"}],"replies":[{"embeddable":true,"href":"https:\/\/www.smg-amenagement.fr\/2015\/wp-json\/wp\/v2\/comments?post=6525"}],"version-history":[{"count":0,"href":"https:\/\/www.smg-amenagement.fr\/2015\/wp-json\/wp\/v2\/pages\/6525\/revisions"}],"wp:attachment":[{"href":"https:\/\/www.smg-amenagement.fr\/2015\/wp-json\/wp\/v2\/media?parent=6525"}],"curies":[{"name":"wp","href":"https:\/\/api.w.org\/{rel}","templated":true}]}}