{"id":6515,"date":"2015-10-28T20:55:01","date_gmt":"2015-10-28T19:55:01","guid":{"rendered":"https:\/\/www.smg-amenagement.fr\/2015\/?page_id=6515"},"modified":"2021-09-03T07:36:06","modified_gmt":"2021-09-03T06:36:06","slug":"agrandissement-de-maison","status":"publish","type":"page","link":"https:\/\/www.smg-amenagement.fr\/2015\/agrandissement-de-maison\/","title":{"rendered":"Agrandissement de maison"},"content":{"rendered":"<p>[vc_row heading_color=\u00a0\u00bblight\u00a0\u00bb section_type=\u00a0\u00bbfullwidth-element\u00a0\u00bb bg_type=\u00a0\u00bbcolor\u00a0\u00bb header_feature=\u00a0\u00bbyes\u00a0\u00bb flex_height=\u00a0\u00bbyes\u00a0\u00bb font_color=\u00a0\u00bb#b8b8b8&Prime; bg_color=\u00a0\u00bb#141414&Prime; margin_bottom=\u00a0\u00bb0&Prime;][vc_column width=\u00a0\u00bb1\/2&Prime; tablet_width=\u00a0\u00bb1-2&Prime; tablet_sm_width=\u00a0\u00bb1&Prime; css=\u00a0\u00bb.vc_custom_1447785662653{padding-top: 160px !important;padding-right: 8% !important;padding-bottom: 8% !important;padding-left: 8% !important;}\u00a0\u00bb]<div class=\"eut-element eut-image eut-animated-item eut-fadeInUp eut-align-center\" style=\"margin-bottom: 40px;\" data-delay=\"200\"><img width=\"108\" height=\"108\" src=\"https:\/\/www.smg-amenagement.fr\/2015\/wp-content\/uploads\/2015\/07\/icon-aggrandissement-maison.png\" class=\"attachment-full size-full\" alt=\"Agrandissement et extension de maison\" srcset=\"https:\/\/www.smg-amenagement.fr\/2015\/wp-content\/uploads\/2015\/07\/icon-aggrandissement-maison.png 1x,https:\/\/www.smg-amenagement.fr\/2015\/wp-content\/uploads\/2015\/07\/icon-aggrandissement-maison@2x.png 2x\" \/><\/div><div class=\"eut-element eut-slogan eut-align-center\" style=\"\"><h3 class=\"eut-slogan-title eut-align-center eut-title-no-line\"><span>Etendre <small>et repenser son espace de vie<\/small><\/span><\/h3>  <p class=\"eut-leader-text\">La famille s\u2019agrandit, les besoins diff\u00e8rent ou \u00e9voluent. SMG Am\u00e9nagement con\u00e7oit, pour vous et avec vous, un projet d&rsquo;agrandissement de maison sur mesure : nous vous proposons une \u00e9tude compl\u00e8te en structure bois englobant l\u2019enveloppe ext\u00e9rieure ainsi que l\u2019am\u00e9nagement int\u00e9rieur.<\/p><\/div>[\/vc_column][vc_column width=\u00a0\u00bb1\/2&Prime; tablet_width=\u00a0\u00bb1-2&Prime; tablet_sm_width=\u00a0\u00bbhide\u00a0\u00bb mobile_width=\u00a0\u00bbhide\u00a0\u00bb css=\u00a0\u00bb.vc_custom_1447865070173{padding-top: 8% !important;padding-right: 8% !important;padding-bottom: 8% !important;padding-left: 8% !important;background-image: url(https:\/\/www.smg-amenagement.fr\/2015\/wp-content\/uploads\/2015\/11\/nav_nos-metiers_agrandissement_block-bg-1.jpg?id=6885) !important;background-position: center !important;background-repeat: no-repeat !important;background-size: cover !important;}\u00a0\u00bb][\/vc_column][\/vc_row][vc_row padding_top=\u00a0\u00bb100px\u00a0\u00bb padding_bottom=\u00a0\u00bb80px\u00a0\u00bb][vc_column width=\u00a0\u00bb1\/2&Prime; tablet_sm_width=\u00a0\u00bb1&Prime; css=\u00a0\u00bb.vc_custom_1447865115256{padding-right: 3% !important;}\u00a0\u00bb]<div class=\"eut-element eut-gallery eut-isotope eut-gallery-popup eut-with-gap\" style=\"\" data-columns=\"2\" data-columns-tablet-landscape=\"2\" data-columns-tablet-portrait=\"2\" data-columns-mobile=\"1\" data-layout=\"masonry\">  <div class=\"eut-isotope-container\"><div class=\"eut-isotope-item  eut-image-square\"><a href=\"https:\/\/www.smg-amenagement.fr\/2015\/wp-content\/uploads\/2016\/01\/nav_nos-realisations_agrandissement-001.jpg\">    <figure class=\"eut-image-hover eut-zoom-in\">      <div class=\"eut-media eut-dark-overlay eut-opacity-70\"><img width=\"600\" height=\"600\" src=\"https:\/\/www.smg-amenagement.fr\/2015\/wp-content\/uploads\/2016\/01\/nav_nos-realisations_agrandissement-001-600x600.jpg\" class=\"attachment-eut-image-small-square size-eut-image-small-square\" alt=\"Agrandissement de maison : garage en ossature bois avec enduit ext\u00e9rieur\" srcset=\"https:\/\/www.smg-amenagement.fr\/2015\/wp-content\/uploads\/2016\/01\/nav_nos-realisations_agrandissement-001-600x600.jpg 600w, https:\/\/www.smg-amenagement.fr\/2015\/wp-content\/uploads\/2016\/01\/nav_nos-realisations_agrandissement-001-150x150.jpg 150w\" sizes=\"(max-width: 600px) 100vw, 600px\" \/>      <\/div>      <figcaption><h5 class=\"eut-title eut-dark\">Garage ossature bois<\/h5>      <\/figcaption>    <\/figure><\/a><\/div><div class=\"eut-isotope-item  eut-image-portrait\"><a href=\"https:\/\/www.smg-amenagement.fr\/2015\/wp-content\/uploads\/2016\/01\/nav_nos-realisations_agrandissement-004.jpg\">    <figure class=\"eut-image-hover eut-zoom-in\">      <div class=\"eut-media eut-dark-overlay eut-opacity-70\"><img width=\"560\" height=\"768\" src=\"https:\/\/www.smg-amenagement.fr\/2015\/wp-content\/uploads\/2016\/01\/nav_nos-realisations_agrandissement-004-560x768.jpg\" class=\"attachment-eut-image-medium-rect-vertical size-eut-image-medium-rect-vertical\" alt=\"Agrandissement de maison : ossature bois et bardage fibro-ciment\" \/>      <\/div>      <figcaption><h5 class=\"eut-title eut-dark\">Agrandissement de maison<\/h5>      <\/figcaption>    <\/figure><\/a><\/div><div class=\"eut-isotope-item  eut-image-square\"><a href=\"https:\/\/www.smg-amenagement.fr\/2015\/wp-content\/uploads\/2016\/01\/nav_nos-realisations_agrandissement-002.jpg\">    <figure class=\"eut-image-hover eut-zoom-in\">      <div class=\"eut-media eut-dark-overlay eut-opacity-70\"><img width=\"600\" height=\"600\" src=\"https:\/\/www.smg-amenagement.fr\/2015\/wp-content\/uploads\/2016\/01\/nav_nos-realisations_agrandissement-002-600x600.jpg\" class=\"attachment-eut-image-small-square size-eut-image-small-square\" alt=\"Agrandissement de maison : garage en ossature bois avec enduit ext\u00e9rieur\" srcset=\"https:\/\/www.smg-amenagement.fr\/2015\/wp-content\/uploads\/2016\/01\/nav_nos-realisations_agrandissement-002-600x600.jpg 600w, https:\/\/www.smg-amenagement.fr\/2015\/wp-content\/uploads\/2016\/01\/nav_nos-realisations_agrandissement-002-150x150.jpg 150w\" sizes=\"(max-width: 600px) 100vw, 600px\" \/>      <\/div>      <figcaption><h5 class=\"eut-title eut-dark\">Garage ossature bois<\/h5>      <\/figcaption>    <\/figure><\/a><\/div>  <\/div><\/div>[\/vc_column][vc_column width=\u00a0\u00bb1\/2&Prime; tablet_sm_width=\u00a0\u00bb1&Prime;]<h3 class=\"eut-element eut-align-left eut-title-line\" style=\"\"><span>Un grand choix<br \/>\nde parement ext\u00e9rieur<\/span><\/h3>[vc_column_text text_style=\u00a0\u00bbleader-text\u00a0\u00bb]En mati\u00e8re d&rsquo;extension de maison, SMG Am\u00e9nagement\u00a0propose des r\u00e9alisations tr\u00e8s vari\u00e9es.[\/vc_column_text][vc_column_text]Bardage bois, lames fibro-ciment, enduit sur fibre de bois permettent de varier les aspects et coloris par leurs combinaisons.<br \/>\nL\u2019habillage des murs et cloisons en plaques de pl\u00e2tre sera r\u00e9alis\u00e9 en fonction de vos envies (parement en pierre naturelle, murs en brique de bois\u2026).<br \/>\n<a href=\"http:\/\/www.renovation-info-service.gouv.fr\/mes-aides-financieres\">Reconnu Garant de l\u2019Environnement<\/a> par nos formations (professionnel RGE), nous \u00e9tablirons ensemble la composition de vos murs afin de garantir une ambiance saine et de b\u00e9n\u00e9ficier des avantages li\u00e9s \u00e0 ce dispositif mis en place par l\u2019\u00e9tat.[\/vc_column_text]<h4 class=\"eut-element eut-align-left eut-title-line\" style=\"\"><span>Quelle dur\u00e9e de travaux ?<\/span><\/h4>[vc_column_text text_style=\u00a0\u00bbleader-text\u00a0\u00bb]Un planning minutieusement\u00a0orchestr\u00e9.[\/vc_column_text][vc_column_text]Selon le type d\u2019ouvrage, une dur\u00e9e moyenne de trois semaines est n\u00e9cessaire pour la r\u00e9alisation globale de votre projet d&rsquo;agrandissement de\u00a0maison.<br \/>\nL\u2019\u00e9tude, r\u00e9alis\u00e9e en amont permet d\u2019organiser pr\u00e9cis\u00e9ment le d\u00e9roulement des travaux.\u00a0Votre chantier d&rsquo;agrandissement de maison occupe une place d\u00e9termin\u00e9e dans notre planning : pas d\u2019interruption, pas de d\u00e9lais dus aux probl\u00e8mes de coordination des m\u00e9tiers.<br \/>\nUne fois l\u2019enveloppe ext\u00e9rieure termin\u00e9e, nous intervenons dans la <a href=\"https:\/\/www.smg-amenagement.fr\/2015\/amenagement-interieur\/\">partie int\u00e9rieure<\/a>.[\/vc_column_text][\/vc_column][\/vc_row][vc_row padding_bottom=\u00a0\u00bb40px\u00a0\u00bb][vc_column]<div class=\"eut-element eut-hr \" style=\"\"><div class=\"eut-line-divider\"><\/div><\/div>[vc_row_inner][vc_column_inner width=\u00a0\u00bb1\/4&Prime;][\/vc_column_inner][vc_column_inner width=\u00a0\u00bb1\/2&Prime; css=\u00a0\u00bb.vc_custom_1447786716302{padding-top: 20px !important;padding-bottom: 60px !important;}\u00a0\u00bb]<div class=\"eut-element eut-box-icon eut-align-center eut-medium\" style=\"\">  <div class=\"eut-wrapper-icon eut-no-shape eut-color-grey\"><i class=\"fa fa-pencil eut-color-primary-1\"><\/i><\/div>  <div class=\"eut-box-content\">    <p class=\"eut-leader-text\">SMG am\u00e9nagement con\u00e7oit votre projet avec vous pour une r\u00e9alisation \u00e0 la hauteur de vos attentes.<\/p>  <\/div><\/div><div class=\"eut-element eut-align-center eut-animated-item eut-fadeInUp\" data-delay=\"200\"><a class=\"eut-btn eut-btn-large eut-extra-round eut-black-color\" href=\"https:\/\/www.smg-amenagement.fr\/2015\/amenagement-interieur-et-exterieur\/\" target=\"_self\" style=\"\"><span>D\u00e9couvrez nos r\u00e9alisations<\/span><\/a><\/div>[\/vc_column_inner][vc_column_inner width=\u00a0\u00bb1\/4&Prime;][\/vc_column_inner][\/vc_row_inner][\/vc_column][\/vc_row][vc_row bg_type=\u00a0\u00bbcolor\u00a0\u00bb bg_color=\u00a0\u00bb#ee813c\u00a0\u00bb padding_top=\u00a0\u00bb60px\u00a0\u00bb padding_bottom=\u00a0\u00bb60px\u00a0\u00bb][vc_column width=\u00a0\u00bb2\/3&Prime;][vc_column_text text_style=\u00a0\u00bbleader-text\u00a0\u00bb]<\/p>\n<h4 style=\"color: #ffffff;\">Une id\u00e9e, un projet ?<\/h4>\n<p><span style=\"color: #000;\">Vous souhaitez plus d&rsquo;information\u00a0sur\u00a0l&rsquo;extension de logement, l&rsquo;agrandissement de maison\u00a0?<\/span>[\/vc_column_text][\/vc_column][vc_column width=\u00a0\u00bb1\/3&Prime;][vc_empty_space height=\u00a0\u00bb20px\u00a0\u00bb]<div class=\"eut-element eut-align-center eut-animated-item eut-fadeInLeft\" data-delay=\"200\"><a class=\"eut-btn eut-btn-large eut-extra-round eut-white-color\" href=\"https:\/\/www.smg-amenagement.fr\/2015\/amenagement-interieur-specifique\/\" target=\"_self\" style=\"\"><span>Contactez-nous<\/span><\/a><\/div>[\/vc_column][\/vc_row]<\/p>\n","protected":false},"excerpt":{"rendered":"<p>[vc_row heading_color=\u00a0\u00bblight\u00a0\u00bb section_type=\u00a0\u00bbfullwidth-element\u00a0\u00bb bg_type=\u00a0\u00bbcolor\u00a0\u00bb header_feature=\u00a0\u00bbyes\u00a0\u00bb flex_height=\u00a0\u00bbyes\u00a0\u00bb font_color=\u00a0\u00bb#b8b8b8&Prime; bg_color=\u00a0\u00bb#141414&Prime; margin_bottom=\u00a0\u00bb0&Prime;][vc_column width=\u00a0\u00bb1\/2&Prime; tablet_width=\u00a0\u00bb1-2&Prime; tablet_sm_width=\u00a0\u00bb1&Prime; css=\u00a0\u00bb.vc_custom_1447785662653{padding-top: 160px !important;padding-right: 8% !important;padding-bottom: 8% !important;padding-left: 8% !important;}\u00a0\u00bb][\/vc_column][vc_column width=\u00a0\u00bb1\/2&Prime; tablet_width=\u00a0\u00bb1-2&Prime; tablet_sm_width=\u00a0\u00bbhide\u00a0\u00bb mobile_width=\u00a0\u00bbhide\u00a0\u00bb css=\u00a0\u00bb.vc_custom_1447865070173{padding-top: 8% !important;padding-right: 8% !important;padding-bottom: 8% !important;padding-left: 8% !important;background-image: url(https:\/\/www.smg-amenagement.fr\/2015\/wp-content\/uploads\/2015\/11\/nav_nos-metiers_agrandissement_block-bg-1.jpg?id=6885) !important;background-position: center !important;background-repeat: no-repeat !important;background-size: cover !important;}\u00a0\u00bb][\/vc_column][\/vc_row][vc_row padding_top=\u00a0\u00bb100px\u00a0\u00bb padding_bottom=\u00a0\u00bb80px\u00a0\u00bb][vc_column width=\u00a0\u00bb1\/2&Prime; tablet_sm_width=\u00a0\u00bb1&Prime; css=\u00a0\u00bb.vc_custom_1447865115256{padding-right: 3% !important;}\u00a0\u00bb][\/vc_column][vc_column width=\u00a0\u00bb1\/2&Prime; tablet_sm_width=\u00a0\u00bb1&Prime;][vc_column_text text_style=\u00a0\u00bbleader-text\u00a0\u00bb]En mati\u00e8re d&rsquo;extension de [&hellip;]<\/p>\n","protected":false},"author":2,"featured_media":0,"parent":0,"menu_order":0,"comment_status":"closed","ping_status":"closed","template":"","meta":[],"yoast_head":"<!-- This site is optimized with the Yoast SEO plugin v17.1 - https:\/\/yoast.com\/wordpress\/plugins\/seo\/ -->\n<title>Agrandissement de maison par SMG Am\u00e9nagement sp\u00e9cifique (Alsace)<\/title>\n<meta name=\"description\" content=\"Situ\u00e9e en Alsace, l&#039;entreprise SMG Am\u00e9nagement int\u00e9rieur et ext\u00e9rieur vous propose des solutions sur mesure pour l&#039;agrandissement de maison...\" \/>\n<meta name=\"robots\" content=\"index, follow, max-snippet:-1, max-image-preview:large, max-video-preview:-1\" \/>\n<link rel=\"canonical\" href=\"https:\/\/www.smg-amenagement.fr\/2015\/agrandissement-de-maison\/\" \/>\n<meta property=\"og:locale\" content=\"fr_FR\" \/>\n<meta property=\"og:type\" content=\"article\" \/>\n<meta property=\"og:title\" content=\"Agrandissement de maison par SMG Am\u00e9nagement sp\u00e9cifique (Alsace)\" \/>\n<meta property=\"og:description\" content=\"Situ\u00e9e en Alsace, l&#039;entreprise SMG Am\u00e9nagement int\u00e9rieur et ext\u00e9rieur vous propose des solutions sur mesure pour l&#039;agrandissement de maison...\" \/>\n<meta property=\"og:url\" content=\"https:\/\/www.smg-amenagement.fr\/2015\/agrandissement-de-maison\/\" \/>\n<meta property=\"og:site_name\" content=\"SMG Am\u00e9nagement sp\u00e9cifique\" \/>\n<meta property=\"article:publisher\" content=\"https:\/\/www.facebook.com\/smgamenagement.fr\/\" \/>\n<meta property=\"article:modified_time\" content=\"2021-09-03T06:36:06+00:00\" \/>\n<meta name=\"twitter:card\" content=\"summary\" \/>\n<meta name=\"twitter:label1\" content=\"Dur\u00e9e de lecture est.\" \/>\n\t<meta name=\"twitter:data1\" content=\"2 minutes\" \/>\n<script type=\"application\/ld+json\" class=\"yoast-schema-graph\">{\"@context\":\"https:\/\/schema.org\",\"@graph\":[{\"@type\":\"WebSite\",\"@id\":\"https:\/\/www.smg-amenagement.fr\/2015\/#website\",\"url\":\"https:\/\/www.smg-amenagement.fr\/2015\/\",\"name\":\"SMG Am\\u00e9nagement sp\\u00e9cifique\",\"description\":\"\",\"potentialAction\":[{\"@type\":\"SearchAction\",\"target\":{\"@type\":\"EntryPoint\",\"urlTemplate\":\"https:\/\/www.smg-amenagement.fr\/2015\/?s={search_term_string}\"},\"query-input\":\"required name=search_term_string\"}],\"inLanguage\":\"fr-FR\"},{\"@type\":\"WebPage\",\"@id\":\"https:\/\/www.smg-amenagement.fr\/2015\/agrandissement-de-maison\/#webpage\",\"url\":\"https:\/\/www.smg-amenagement.fr\/2015\/agrandissement-de-maison\/\",\"name\":\"Agrandissement de maison par SMG Am\\u00e9nagement sp\\u00e9cifique (Alsace)\",\"isPartOf\":{\"@id\":\"https:\/\/www.smg-amenagement.fr\/2015\/#website\"},\"datePublished\":\"2015-10-28T19:55:01+00:00\",\"dateModified\":\"2021-09-03T06:36:06+00:00\",\"description\":\"Situ\\u00e9e en Alsace, l'entreprise SMG Am\\u00e9nagement int\\u00e9rieur et ext\\u00e9rieur vous propose des solutions sur mesure pour l'agrandissement de maison...\",\"breadcrumb\":{\"@id\":\"https:\/\/www.smg-amenagement.fr\/2015\/agrandissement-de-maison\/#breadcrumb\"},\"inLanguage\":\"fr-FR\",\"potentialAction\":[{\"@type\":\"ReadAction\",\"target\":[\"https:\/\/www.smg-amenagement.fr\/2015\/agrandissement-de-maison\/\"]}]},{\"@type\":\"BreadcrumbList\",\"@id\":\"https:\/\/www.smg-amenagement.fr\/2015\/agrandissement-de-maison\/#breadcrumb\",\"itemListElement\":[{\"@type\":\"ListItem\",\"position\":1,\"name\":\"Agrandissement de maison\"}]}]}<\/script>\n<!-- \/ Yoast SEO plugin. -->","yoast_head_json":{"title":"Agrandissement de maison par SMG Am\u00e9nagement sp\u00e9cifique (Alsace)","description":"Situ\u00e9e en Alsace, l'entreprise SMG Am\u00e9nagement int\u00e9rieur et ext\u00e9rieur vous propose des solutions sur mesure pour l'agrandissement de maison...","robots":{"index":"index","follow":"follow","max-snippet":"max-snippet:-1","max-image-preview":"max-image-preview:large","max-video-preview":"max-video-preview:-1"},"canonical":"https:\/\/www.smg-amenagement.fr\/2015\/agrandissement-de-maison\/","og_locale":"fr_FR","og_type":"article","og_title":"Agrandissement de maison par SMG Am\u00e9nagement sp\u00e9cifique (Alsace)","og_description":"Situ\u00e9e en Alsace, l'entreprise SMG Am\u00e9nagement int\u00e9rieur et ext\u00e9rieur vous propose des solutions sur mesure pour l'agrandissement de maison...","og_url":"https:\/\/www.smg-amenagement.fr\/2015\/agrandissement-de-maison\/","og_site_name":"SMG Am\u00e9nagement sp\u00e9cifique","article_publisher":"https:\/\/www.facebook.com\/smgamenagement.fr\/","article_modified_time":"2021-09-03T06:36:06+00:00","twitter_card":"summary","twitter_misc":{"Dur\u00e9e de lecture est.":"2 minutes"},"schema":{"@context":"https:\/\/schema.org","@graph":[{"@type":"WebSite","@id":"https:\/\/www.smg-amenagement.fr\/2015\/#website","url":"https:\/\/www.smg-amenagement.fr\/2015\/","name":"SMG Am\u00e9nagement sp\u00e9cifique","description":"","potentialAction":[{"@type":"SearchAction","target":{"@type":"EntryPoint","urlTemplate":"https:\/\/www.smg-amenagement.fr\/2015\/?s={search_term_string}"},"query-input":"required name=search_term_string"}],"inLanguage":"fr-FR"},{"@type":"WebPage","@id":"https:\/\/www.smg-amenagement.fr\/2015\/agrandissement-de-maison\/#webpage","url":"https:\/\/www.smg-amenagement.fr\/2015\/agrandissement-de-maison\/","name":"Agrandissement de maison par SMG Am\u00e9nagement sp\u00e9cifique (Alsace)","isPartOf":{"@id":"https:\/\/www.smg-amenagement.fr\/2015\/#website"},"datePublished":"2015-10-28T19:55:01+00:00","dateModified":"2021-09-03T06:36:06+00:00","description":"Situ\u00e9e en Alsace, l'entreprise SMG Am\u00e9nagement int\u00e9rieur et ext\u00e9rieur vous propose des solutions sur mesure pour l'agrandissement de maison...","breadcrumb":{"@id":"https:\/\/www.smg-amenagement.fr\/2015\/agrandissement-de-maison\/#breadcrumb"},"inLanguage":"fr-FR","potentialAction":[{"@type":"ReadAction","target":["https:\/\/www.smg-amenagement.fr\/2015\/agrandissement-de-maison\/"]}]},{"@type":"BreadcrumbList","@id":"https:\/\/www.smg-amenagement.fr\/2015\/agrandissement-de-maison\/#breadcrumb","itemListElement":[{"@type":"ListItem","position":1,"name":"Agrandissement de maison"}]}]}},"_links":{"self":[{"href":"https:\/\/www.smg-amenagement.fr\/2015\/wp-json\/wp\/v2\/pages\/6515"}],"collection":[{"href":"https:\/\/www.smg-amenagement.fr\/2015\/wp-json\/wp\/v2\/pages"}],"about":[{"href":"https:\/\/www.smg-amenagement.fr\/2015\/wp-json\/wp\/v2\/types\/page"}],"author":[{"embeddable":true,"href":"https:\/\/www.smg-amenagement.fr\/2015\/wp-json\/wp\/v2\/users\/2"}],"replies":[{"embeddable":true,"href":"https:\/\/www.smg-amenagement.fr\/2015\/wp-json\/wp\/v2\/comments?post=6515"}],"version-history":[{"count":0,"href":"https:\/\/www.smg-amenagement.fr\/2015\/wp-json\/wp\/v2\/pages\/6515\/revisions"}],"wp:attachment":[{"href":"https:\/\/www.smg-amenagement.fr\/2015\/wp-json\/wp\/v2\/media?parent=6515"}],"curies":[{"name":"wp","href":"https:\/\/api.w.org\/{rel}","templated":true}]}}