{"id":6513,"date":"2015-10-28T20:50:29","date_gmt":"2015-10-28T19:50:29","guid":{"rendered":"https:\/\/www.smg-amenagement.fr\/2015\/?page_id=6513"},"modified":"2021-09-03T07:39:27","modified_gmt":"2021-09-03T06:39:27","slug":"cabanes-dans-les-arbres","status":"publish","type":"page","link":"https:\/\/www.smg-amenagement.fr\/2015\/cabanes-dans-les-arbres\/","title":{"rendered":"Construction de cabanes dans les arbres"},"content":{"rendered":"<p>[vc_row heading_color=\u00a0\u00bblight\u00a0\u00bb section_type=\u00a0\u00bbfullwidth-element\u00a0\u00bb bg_type=\u00a0\u00bbcolor\u00a0\u00bb header_feature=\u00a0\u00bbyes\u00a0\u00bb flex_height=\u00a0\u00bbyes\u00a0\u00bb font_color=\u00a0\u00bb#b8b8b8&Prime; bg_color=\u00a0\u00bb#141414&Prime; margin_bottom=\u00a0\u00bb0&Prime;][vc_column width=\u00a0\u00bb1\/2&Prime; tablet_width=\u00a0\u00bb1-2&Prime; tablet_sm_width=\u00a0\u00bb1&Prime; css=\u00a0\u00bb.vc_custom_1447785662653{padding-top: 160px !important;padding-right: 8% !important;padding-bottom: 8% !important;padding-left: 8% !important;}\u00a0\u00bb]<div class=\"eut-element eut-image eut-animated-item eut-fadeInUp eut-align-center\" style=\"margin-bottom: 40px;\" data-delay=\"200\"><img width=\"108\" height=\"108\" src=\"https:\/\/www.smg-amenagement.fr\/2015\/wp-content\/uploads\/2015\/07\/icon-cabanes-perchees.png\" class=\"attachment-full size-full\" alt=\"Construction de cabanes perch\u00e9es\" srcset=\"https:\/\/www.smg-amenagement.fr\/2015\/wp-content\/uploads\/2015\/07\/icon-cabanes-perchees.png 1x,https:\/\/www.smg-amenagement.fr\/2015\/wp-content\/uploads\/2015\/07\/icon-cabanes-perchees@2x.png 2x\" \/><\/div><div class=\"eut-element eut-slogan eut-align-center\" style=\"\"><h3 class=\"eut-slogan-title eut-align-center eut-title-no-line\"><span>L'habitation, autrement <small>Agrandir son espace de vie, mais pas sa maison.<\/small><\/span><\/h3>  <p class=\"eut-leader-text\">SMG Am\u00e9nagement apporte un mode de vie diff\u00e9rent en vous proposant un agrandissement de maison ind\u00e9pendant et insolite : les cabanes dans les arbres (ou cabanes perch\u00e9es).<\/p><\/div>[\/vc_column][vc_column width=\u00a0\u00bb1\/2&Prime; tablet_width=\u00a0\u00bb1-2&Prime; tablet_sm_width=\u00a0\u00bbhide\u00a0\u00bb mobile_width=\u00a0\u00bbhide\u00a0\u00bb css=\u00a0\u00bb.vc_custom_1447780969335{padding-top: 8% !important;padding-right: 8% !important;padding-bottom: 8% !important;padding-left: 8% !important;background-image: url(https:\/\/www.smg-amenagement.fr\/2015\/wp-content\/uploads\/2015\/11\/nav_nos-metiers_cabanes_block-bg-1.jpg?id=6728) !important;background-position: center !important;background-repeat: no-repeat !important;background-size: cover !important;}\u00a0\u00bb][\/vc_column][\/vc_row][vc_row section_type=\u00a0\u00bbfullwidth-element\u00a0\u00bb bg_type=\u00a0\u00bbimage\u00a0\u00bb bg_image=\u00a0\u00bb6802&Prime; bg_image_type=\u00a0\u00bbparallax\u00a0\u00bb padding_bottom=\u00a0\u00bb100px\u00a0\u00bb padding_top=\u00a0\u00bb60px\u00a0\u00bb][vc_column width=\u00a0\u00bb1\/2&Prime; tablet_width=\u00a0\u00bb1&Prime; css=\u00a0\u00bb.vc_custom_1447783587961{padding-top: 60px !important;padding-right: 5% !important;padding-left: 10% !important;}\u00a0\u00bb]<div class=\"eut-element eut-slogan eut-align-left\" style=\"\"><h3 class=\"eut-slogan-title eut-align-left eut-title-no-line\"><span>Des cabanes dans les arbres... Pourquoi pas ?<\/span><\/h3>  <p class=\"\">L&rsquo;entreprise de construction SMG Am\u00e9nagement s\u2019est inspir\u00e9 d\u2019une conception de l\u2019habitat diff\u00e9rente. Nous avons \u00e9tudi\u00e9 et cherch\u00e9 \u00e0 comprendre pourquoi, dans d\u2019autres pays, les familles ont choisi de vivre dans plusieurs petites maisons plut\u00f4t qu\u2019une maison individuelle. En effet, chaque pi\u00e8ce est une petite maisonnette.<\/p><\/div>[\/vc_column][vc_column width=\u00a0\u00bb1\/2&Prime; tablet_width=\u00a0\u00bb1&Prime;][vc_row_inner][vc_column_inner width=\u00a0\u00bb1\/2&Prime; css=\u00a0\u00bb.vc_custom_1447783670793{padding-right: 5% !important;padding-left: 5% !important;}\u00a0\u00bb]<div class=\"eut-element eut-box-icon eut-align-center eut-medium eut-animated-item eut-fadeInUp eut-advanced-hover eut-with-shape\" style=\"\" data-delay=\"200\">  <div class=\"eut-wrapper-icon eut-simple eut-circle eut-bg-primary-1\"><i class=\"fa fa-child eut-color-white\"><\/i><\/div>  <div class=\"eut-box-content\">      <h5 class=\"eut-box-title\">L'ind\u00e9pendance<\/h5>    <p class=\"\">Chaque chambre \u00e0 coucher pr\u00e9serve son intimit\u00e9, le salon devient une pi\u00e8ce de retrouvailles et de communication et chaque entr\u00e9e dans une nouvelle pi\u00e8ce devient une visite.<\/p>  <\/div><\/div>[\/vc_column_inner][vc_column_inner width=\u00a0\u00bb1\/2&Prime; css=\u00a0\u00bb.vc_custom_1447783680669{border-left-width: 1px !important;padding-right: 5% !important;padding-left: 5% !important;border-left-color: #f2f2f2 !important;border-left-style: solid !important;}\u00a0\u00bb]<div class=\"eut-element eut-box-icon eut-align-center eut-medium eut-animated-item eut-fadeInUp eut-advanced-hover eut-with-shape\" style=\"\" data-delay=\"200\">  <div class=\"eut-wrapper-icon eut-simple eut-circle eut-bg-primary-1\"><i class=\"fa fa-leaf eut-color-white\"><\/i><\/div>  <div class=\"eut-box-content\">      <h5 class=\"eut-box-title\">L'espace<\/h5>    <p class=\"\">Cette m\u00e9thode de vie permet d\u2019occuper une plus grande partie du volume de votre terrain, contrairement \u00e0 la b\u00e2tisse unique.<\/p>  <\/div><\/div>[\/vc_column_inner][\/vc_row_inner][\/vc_column][\/vc_row][vc_row padding_top=\u00a0\u00bb100px\u00a0\u00bb padding_bottom=\u00a0\u00bb40px\u00a0\u00bb][vc_column width=\u00a0\u00bb1\/2&Prime; tablet_sm_width=\u00a0\u00bb1&Prime;]<div class=\"eut-element eut-gallery eut-isotope eut-gallery-popup eut-with-gap\" style=\"\" data-columns=\"2\" data-columns-tablet-landscape=\"2\" data-columns-tablet-portrait=\"2\" data-columns-mobile=\"1\" data-layout=\"fitRows\">  <div class=\"eut-isotope-container\"><div class=\"eut-isotope-item \"><a href=\"https:\/\/www.smg-amenagement.fr\/2015\/wp-content\/uploads\/2016\/01\/nav_nos-realisations_cabanes-003.jpg\">    <figure class=\"eut-image-hover eut-zoom-in\">      <div class=\"eut-media eut-dark-overlay eut-opacity-70\"><img width=\"600\" height=\"600\" src=\"https:\/\/www.smg-amenagement.fr\/2015\/wp-content\/uploads\/2016\/01\/nav_nos-realisations_cabanes-003-600x600.jpg\" class=\"attachment-eut-image-small-square size-eut-image-small-square\" alt=\"Cabane dans les arbres \u00e0 plus de 6 m\u00e8tres (Ch\u00eane, Douglas et Sapin)\" srcset=\"https:\/\/www.smg-amenagement.fr\/2015\/wp-content\/uploads\/2016\/01\/nav_nos-realisations_cabanes-003-600x600.jpg 600w, https:\/\/www.smg-amenagement.fr\/2015\/wp-content\/uploads\/2016\/01\/nav_nos-realisations_cabanes-003-150x150.jpg 150w\" sizes=\"(max-width: 600px) 100vw, 600px\" \/>      <\/div>      <figcaption><h5 class=\"eut-title eut-dark\">Cabane dans les arbres<\/h5>      <\/figcaption>    <\/figure><\/a><\/div><div class=\"eut-isotope-item \"><a href=\"https:\/\/www.smg-amenagement.fr\/2015\/wp-content\/uploads\/2016\/01\/nav_nos-realisations_cabanes-007.jpg\">    <figure class=\"eut-image-hover eut-zoom-in\">      <div class=\"eut-media eut-dark-overlay eut-opacity-70\"><img width=\"600\" height=\"600\" src=\"https:\/\/www.smg-amenagement.fr\/2015\/wp-content\/uploads\/2016\/01\/nav_nos-realisations_cabanes-007-600x600.jpg\" class=\"attachment-eut-image-small-square size-eut-image-small-square\" alt=\"Cabane dans les arbres : d\u00e9coupe terrasse\" srcset=\"https:\/\/www.smg-amenagement.fr\/2015\/wp-content\/uploads\/2016\/01\/nav_nos-realisations_cabanes-007-600x600.jpg 600w, https:\/\/www.smg-amenagement.fr\/2015\/wp-content\/uploads\/2016\/01\/nav_nos-realisations_cabanes-007-150x150.jpg 150w\" sizes=\"(max-width: 600px) 100vw, 600px\" \/>      <\/div>      <figcaption><h5 class=\"eut-title eut-dark\">D\u00e9coupe terrasse<\/h5>      <\/figcaption>    <\/figure><\/a><\/div><div class=\"eut-isotope-item \"><a href=\"https:\/\/www.smg-amenagement.fr\/2015\/wp-content\/uploads\/2016\/01\/nav_nos-realisations_cabanes-009.jpg\">    <figure class=\"eut-image-hover eut-zoom-in\">      <div class=\"eut-media eut-dark-overlay eut-opacity-70\"><img width=\"600\" height=\"600\" src=\"https:\/\/www.smg-amenagement.fr\/2015\/wp-content\/uploads\/2016\/01\/nav_nos-realisations_cabanes-009-600x600.jpg\" class=\"attachment-eut-image-small-square size-eut-image-small-square\" alt=\"Cabane dans les arbres : d\u00e9tail toiture en acier\" srcset=\"https:\/\/www.smg-amenagement.fr\/2015\/wp-content\/uploads\/2016\/01\/nav_nos-realisations_cabanes-009-600x600.jpg 600w, https:\/\/www.smg-amenagement.fr\/2015\/wp-content\/uploads\/2016\/01\/nav_nos-realisations_cabanes-009-150x150.jpg 150w\" sizes=\"(max-width: 600px) 100vw, 600px\" \/>      <\/div>      <figcaption><h5 class=\"eut-title eut-dark\">Toiture en acier<\/h5>      <\/figcaption>    <\/figure><\/a><\/div><div class=\"eut-isotope-item \"><a href=\"https:\/\/www.smg-amenagement.fr\/2015\/wp-content\/uploads\/2016\/01\/nav_nos-realisations_amenagement-001.jpg\">    <figure class=\"eut-image-hover eut-zoom-in\">      <div class=\"eut-media eut-dark-overlay eut-opacity-70\"><img width=\"600\" height=\"600\" src=\"https:\/\/www.smg-amenagement.fr\/2015\/wp-content\/uploads\/2016\/01\/nav_nos-realisations_amenagement-001-600x600.jpg\" class=\"attachment-eut-image-small-square size-eut-image-small-square\" alt=\"Am\u00e9nagement int\u00e9rieur de cabane dans les arbres\" srcset=\"https:\/\/www.smg-amenagement.fr\/2015\/wp-content\/uploads\/2016\/01\/nav_nos-realisations_amenagement-001-600x600.jpg 600w, https:\/\/www.smg-amenagement.fr\/2015\/wp-content\/uploads\/2016\/01\/nav_nos-realisations_amenagement-001-150x150.jpg 150w\" sizes=\"(max-width: 600px) 100vw, 600px\" \/>      <\/div>      <figcaption><h5 class=\"eut-title eut-dark\">Am\u00e9nagement int\u00e9rieur<\/h5>      <\/figcaption>    <\/figure><\/a><\/div>  <\/div><\/div>[\/vc_column][vc_column width=\u00a0\u00bb1\/2&Prime; tablet_sm_width=\u00a0\u00bb1&Prime;]<h3 class=\"eut-element eut-align-left eut-title-line\" style=\"\"><span>Quels avantages ?<\/span><\/h3>[vc_column_text text_style=\u00a0\u00bbleader-text\u00a0\u00bb]Con\u00e7ues et assembl\u00e9es sur place, les cabanes dans les arbres ne\u00a0n\u00e9cessitent que de l\u00e9gers moyens d\u2019acc\u00e8s.[\/vc_column_text][vc_column_text]Elle pourra, par exemple, \u00e0 long terme, une fois que les jeunes auront quitt\u00e9 le foyer parental, devenir une source de revenu par la location au weekend ou \u00e0 la semaine.<\/p>\n<h6>Par ailleurs, ce principe d&rsquo;extension ne n\u00e9cessite pas :<\/h6>\n<ul>\n<li>de modifications de fa\u00e7ade de la maison existante.<\/li>\n<li>de moyens lourds au d\u00e9triment des am\u00e9nagements ext\u00e9rieurs.<\/li>\n<\/ul>\n<p>[\/vc_column_text]<h5 class=\"eut-element eut-align-left eut-title-line\" style=\"\"><span>Cabanes sur pilotis<\/span><\/h5>[vc_column_text]Pour prendre de la hauteur, il n\u2019est pas n\u00e9cessaire d\u2019avoir un arbre.<br \/>\nSMG Am\u00e9nagement\u00a0effectuera, dans ce cas, une cabane sur pilotis \u00e0 la hauteur voulue. Vous occuperez ainsi votre terrain de mani\u00e8re optimale.[\/vc_column_text][\/vc_column][\/vc_row][vc_row padding_bottom=\u00a0\u00bb40px\u00a0\u00bb][vc_column]<div class=\"eut-element eut-hr \" style=\"\"><div class=\"eut-line-divider\"><\/div><\/div>[vc_row_inner][vc_column_inner width=\u00a0\u00bb1\/4&Prime;][\/vc_column_inner][vc_column_inner width=\u00a0\u00bb1\/2&Prime; css=\u00a0\u00bb.vc_custom_1447786716302{padding-top: 20px !important;padding-bottom: 60px !important;}\u00a0\u00bb]<div class=\"eut-element eut-box-icon eut-align-center eut-medium\" style=\"\">  <div class=\"eut-wrapper-icon eut-no-shape eut-color-grey\"><i class=\"fa fa-pencil eut-color-primary-1\"><\/i><\/div>  <div class=\"eut-box-content\">    <p class=\"eut-leader-text\">SMG am\u00e9nagement con\u00e7oit votre projet avec vous pour une r\u00e9alisation \u00e0 la hauteur de vos attentes.<\/p>  <\/div><\/div><div class=\"eut-element eut-align-center eut-animated-item eut-fadeInUp\" data-delay=\"200\"><a class=\"eut-btn eut-btn-large eut-extra-round eut-black-color\" href=\"https:\/\/www.smg-amenagement.fr\/2015\/amenagement-interieur-et-exterieur\/\" target=\"_self\" style=\"\"><span>D\u00e9couvrez nos r\u00e9alisations<\/span><\/a><\/div>[\/vc_column_inner][vc_column_inner width=\u00a0\u00bb1\/4&Prime;][\/vc_column_inner][\/vc_row_inner][\/vc_column][\/vc_row][vc_row bg_type=\u00a0\u00bbcolor\u00a0\u00bb bg_color=\u00a0\u00bb#ee813c\u00a0\u00bb padding_top=\u00a0\u00bb60px\u00a0\u00bb padding_bottom=\u00a0\u00bb60px\u00a0\u00bb][vc_column width=\u00a0\u00bb2\/3&Prime;][vc_column_text text_style=\u00a0\u00bbleader-text\u00a0\u00bb]<\/p>\n<h4 style=\"color: #ffffff;\">Une id\u00e9e, un projet ?<\/h4>\n<p><span style=\"color: #000;\">Vous souhaitez plus d&rsquo;information sur la construction de cabanes dans les arbres\u00a0ou cabanes sur pilotis ?<\/span>[\/vc_column_text][\/vc_column][vc_column width=\u00a0\u00bb1\/3&Prime;][vc_empty_space height=\u00a0\u00bb20px\u00a0\u00bb]<div class=\"eut-element eut-align-center eut-animated-item eut-fadeInLeft\" data-delay=\"200\"><a class=\"eut-btn eut-btn-large eut-extra-round eut-white-color\" href=\"https:\/\/www.smg-amenagement.fr\/2015\/amenagement-interieur-specifique\/\" target=\"_self\" style=\"\"><span>Contactez-nous<\/span><\/a><\/div>[\/vc_column][\/vc_row]<\/p>\n","protected":false},"excerpt":{"rendered":"<p>[vc_row heading_color=\u00a0\u00bblight\u00a0\u00bb section_type=\u00a0\u00bbfullwidth-element\u00a0\u00bb bg_type=\u00a0\u00bbcolor\u00a0\u00bb header_feature=\u00a0\u00bbyes\u00a0\u00bb flex_height=\u00a0\u00bbyes\u00a0\u00bb font_color=\u00a0\u00bb#b8b8b8&Prime; bg_color=\u00a0\u00bb#141414&Prime; margin_bottom=\u00a0\u00bb0&Prime;][vc_column width=\u00a0\u00bb1\/2&Prime; tablet_width=\u00a0\u00bb1-2&Prime; tablet_sm_width=\u00a0\u00bb1&Prime; css=\u00a0\u00bb.vc_custom_1447785662653{padding-top: 160px !important;padding-right: 8% !important;padding-bottom: 8% !important;padding-left: 8% !important;}\u00a0\u00bb][\/vc_column][vc_column width=\u00a0\u00bb1\/2&Prime; tablet_width=\u00a0\u00bb1-2&Prime; tablet_sm_width=\u00a0\u00bbhide\u00a0\u00bb mobile_width=\u00a0\u00bbhide\u00a0\u00bb css=\u00a0\u00bb.vc_custom_1447780969335{padding-top: 8% !important;padding-right: 8% !important;padding-bottom: 8% !important;padding-left: 8% !important;background-image: url(https:\/\/www.smg-amenagement.fr\/2015\/wp-content\/uploads\/2015\/11\/nav_nos-metiers_cabanes_block-bg-1.jpg?id=6728) !important;background-position: center !important;background-repeat: no-repeat !important;background-size: cover !important;}\u00a0\u00bb][\/vc_column][\/vc_row][vc_row section_type=\u00a0\u00bbfullwidth-element\u00a0\u00bb bg_type=\u00a0\u00bbimage\u00a0\u00bb bg_image=\u00a0\u00bb6802&Prime; bg_image_type=\u00a0\u00bbparallax\u00a0\u00bb padding_bottom=\u00a0\u00bb100px\u00a0\u00bb padding_top=\u00a0\u00bb60px\u00a0\u00bb][vc_column width=\u00a0\u00bb1\/2&Prime; tablet_width=\u00a0\u00bb1&Prime; css=\u00a0\u00bb.vc_custom_1447783587961{padding-top: 60px !important;padding-right: 5% !important;padding-left: [&hellip;]<\/p>\n","protected":false},"author":2,"featured_media":0,"parent":0,"menu_order":0,"comment_status":"closed","ping_status":"closed","template":"","meta":[],"yoast_head":"<!-- This site is optimized with the Yoast SEO plugin v17.1 - https:\/\/yoast.com\/wordpress\/plugins\/seo\/ -->\n<title>Constructeur de cabanes dans les arbres : SMG Am\u00e9nagement (Alsace)<\/title>\n<meta name=\"description\" content=\"Qui n&#039;a jamais r\u00eav\u00e9 de cabanes dans les arbres ? C&#039;est le service propos\u00e9 par l&#039;entreprise SMG Am\u00e9nagement, sp\u00e9cialiste en Alsace de la cabane perch\u00e9e...\" \/>\n<meta name=\"robots\" content=\"index, follow, max-snippet:-1, max-image-preview:large, max-video-preview:-1\" \/>\n<link rel=\"canonical\" href=\"https:\/\/www.smg-amenagement.fr\/2015\/cabanes-dans-les-arbres\/\" \/>\n<meta property=\"og:locale\" content=\"fr_FR\" \/>\n<meta property=\"og:type\" content=\"article\" \/>\n<meta property=\"og:title\" content=\"Constructeur de cabanes dans les arbres : SMG Am\u00e9nagement (Alsace)\" \/>\n<meta property=\"og:description\" content=\"Qui n&#039;a jamais r\u00eav\u00e9 de cabanes dans les arbres ? C&#039;est le service propos\u00e9 par l&#039;entreprise SMG Am\u00e9nagement, sp\u00e9cialiste en Alsace de la cabane perch\u00e9e...\" \/>\n<meta property=\"og:url\" content=\"https:\/\/www.smg-amenagement.fr\/2015\/cabanes-dans-les-arbres\/\" \/>\n<meta property=\"og:site_name\" content=\"SMG Am\u00e9nagement sp\u00e9cifique\" \/>\n<meta property=\"article:publisher\" content=\"https:\/\/www.facebook.com\/smgamenagement.fr\/\" \/>\n<meta property=\"article:modified_time\" content=\"2021-09-03T06:39:27+00:00\" \/>\n<meta name=\"twitter:card\" content=\"summary\" \/>\n<meta name=\"twitter:label1\" content=\"Dur\u00e9e de lecture est.\" \/>\n\t<meta name=\"twitter:data1\" content=\"4 minutes\" \/>\n<script type=\"application\/ld+json\" class=\"yoast-schema-graph\">{\"@context\":\"https:\/\/schema.org\",\"@graph\":[{\"@type\":\"WebSite\",\"@id\":\"https:\/\/www.smg-amenagement.fr\/2015\/#website\",\"url\":\"https:\/\/www.smg-amenagement.fr\/2015\/\",\"name\":\"SMG Am\\u00e9nagement sp\\u00e9cifique\",\"description\":\"\",\"potentialAction\":[{\"@type\":\"SearchAction\",\"target\":{\"@type\":\"EntryPoint\",\"urlTemplate\":\"https:\/\/www.smg-amenagement.fr\/2015\/?s={search_term_string}\"},\"query-input\":\"required name=search_term_string\"}],\"inLanguage\":\"fr-FR\"},{\"@type\":\"WebPage\",\"@id\":\"https:\/\/www.smg-amenagement.fr\/2015\/cabanes-dans-les-arbres\/#webpage\",\"url\":\"https:\/\/www.smg-amenagement.fr\/2015\/cabanes-dans-les-arbres\/\",\"name\":\"Constructeur de cabanes dans les arbres : SMG Am\\u00e9nagement (Alsace)\",\"isPartOf\":{\"@id\":\"https:\/\/www.smg-amenagement.fr\/2015\/#website\"},\"datePublished\":\"2015-10-28T19:50:29+00:00\",\"dateModified\":\"2021-09-03T06:39:27+00:00\",\"description\":\"Qui n'a jamais r\\u00eav\\u00e9 de cabanes dans les arbres ? C'est le service propos\\u00e9 par l'entreprise SMG Am\\u00e9nagement, sp\\u00e9cialiste en Alsace de la cabane perch\\u00e9e...\",\"breadcrumb\":{\"@id\":\"https:\/\/www.smg-amenagement.fr\/2015\/cabanes-dans-les-arbres\/#breadcrumb\"},\"inLanguage\":\"fr-FR\",\"potentialAction\":[{\"@type\":\"ReadAction\",\"target\":[\"https:\/\/www.smg-amenagement.fr\/2015\/cabanes-dans-les-arbres\/\"]}]},{\"@type\":\"BreadcrumbList\",\"@id\":\"https:\/\/www.smg-amenagement.fr\/2015\/cabanes-dans-les-arbres\/#breadcrumb\",\"itemListElement\":[{\"@type\":\"ListItem\",\"position\":1,\"name\":\"Construction de cabanes dans les arbres\"}]}]}<\/script>\n<!-- \/ Yoast SEO plugin. -->","yoast_head_json":{"title":"Constructeur de cabanes dans les arbres : SMG Am\u00e9nagement (Alsace)","description":"Qui n'a jamais r\u00eav\u00e9 de cabanes dans les arbres ? C'est le service propos\u00e9 par l'entreprise SMG Am\u00e9nagement, sp\u00e9cialiste en Alsace de la cabane perch\u00e9e...","robots":{"index":"index","follow":"follow","max-snippet":"max-snippet:-1","max-image-preview":"max-image-preview:large","max-video-preview":"max-video-preview:-1"},"canonical":"https:\/\/www.smg-amenagement.fr\/2015\/cabanes-dans-les-arbres\/","og_locale":"fr_FR","og_type":"article","og_title":"Constructeur de cabanes dans les arbres : SMG Am\u00e9nagement (Alsace)","og_description":"Qui n'a jamais r\u00eav\u00e9 de cabanes dans les arbres ? C'est le service propos\u00e9 par l'entreprise SMG Am\u00e9nagement, sp\u00e9cialiste en Alsace de la cabane perch\u00e9e...","og_url":"https:\/\/www.smg-amenagement.fr\/2015\/cabanes-dans-les-arbres\/","og_site_name":"SMG Am\u00e9nagement sp\u00e9cifique","article_publisher":"https:\/\/www.facebook.com\/smgamenagement.fr\/","article_modified_time":"2021-09-03T06:39:27+00:00","twitter_card":"summary","twitter_misc":{"Dur\u00e9e de lecture est.":"4 minutes"},"schema":{"@context":"https:\/\/schema.org","@graph":[{"@type":"WebSite","@id":"https:\/\/www.smg-amenagement.fr\/2015\/#website","url":"https:\/\/www.smg-amenagement.fr\/2015\/","name":"SMG Am\u00e9nagement sp\u00e9cifique","description":"","potentialAction":[{"@type":"SearchAction","target":{"@type":"EntryPoint","urlTemplate":"https:\/\/www.smg-amenagement.fr\/2015\/?s={search_term_string}"},"query-input":"required name=search_term_string"}],"inLanguage":"fr-FR"},{"@type":"WebPage","@id":"https:\/\/www.smg-amenagement.fr\/2015\/cabanes-dans-les-arbres\/#webpage","url":"https:\/\/www.smg-amenagement.fr\/2015\/cabanes-dans-les-arbres\/","name":"Constructeur de cabanes dans les arbres : SMG Am\u00e9nagement (Alsace)","isPartOf":{"@id":"https:\/\/www.smg-amenagement.fr\/2015\/#website"},"datePublished":"2015-10-28T19:50:29+00:00","dateModified":"2021-09-03T06:39:27+00:00","description":"Qui n'a jamais r\u00eav\u00e9 de cabanes dans les arbres ? C'est le service propos\u00e9 par l'entreprise SMG Am\u00e9nagement, sp\u00e9cialiste en Alsace de la cabane perch\u00e9e...","breadcrumb":{"@id":"https:\/\/www.smg-amenagement.fr\/2015\/cabanes-dans-les-arbres\/#breadcrumb"},"inLanguage":"fr-FR","potentialAction":[{"@type":"ReadAction","target":["https:\/\/www.smg-amenagement.fr\/2015\/cabanes-dans-les-arbres\/"]}]},{"@type":"BreadcrumbList","@id":"https:\/\/www.smg-amenagement.fr\/2015\/cabanes-dans-les-arbres\/#breadcrumb","itemListElement":[{"@type":"ListItem","position":1,"name":"Construction de cabanes dans les arbres"}]}]}},"_links":{"self":[{"href":"https:\/\/www.smg-amenagement.fr\/2015\/wp-json\/wp\/v2\/pages\/6513"}],"collection":[{"href":"https:\/\/www.smg-amenagement.fr\/2015\/wp-json\/wp\/v2\/pages"}],"about":[{"href":"https:\/\/www.smg-amenagement.fr\/2015\/wp-json\/wp\/v2\/types\/page"}],"author":[{"embeddable":true,"href":"https:\/\/www.smg-amenagement.fr\/2015\/wp-json\/wp\/v2\/users\/2"}],"replies":[{"embeddable":true,"href":"https:\/\/www.smg-amenagement.fr\/2015\/wp-json\/wp\/v2\/comments?post=6513"}],"version-history":[{"count":0,"href":"https:\/\/www.smg-amenagement.fr\/2015\/wp-json\/wp\/v2\/pages\/6513\/revisions"}],"wp:attachment":[{"href":"https:\/\/www.smg-amenagement.fr\/2015\/wp-json\/wp\/v2\/media?parent=6513"}],"curies":[{"name":"wp","href":"https:\/\/api.w.org\/{rel}","templated":true}]}}