{"id":6494,"date":"2015-10-28T19:42:32","date_gmt":"2015-10-28T18:42:32","guid":{"rendered":"https:\/\/www.smg-amenagement.fr\/2015\/?page_id=6494"},"modified":"2021-09-03T07:44:52","modified_gmt":"2021-09-03T06:44:52","slug":"cabanes-sur-pilotis","status":"publish","type":"page","link":"https:\/\/www.smg-amenagement.fr\/2015\/cabanes-sur-pilotis\/","title":{"rendered":"Nos m\u00e9tiers"},"content":{"rendered":"<p>[vc_row bg_type=\u00a0\u00bbimage\u00a0\u00bb bg_image=\u00a0\u00bb7111&Prime; bg_image_type=\u00a0\u00bbparallax\u00a0\u00bb padding_top=\u00a0\u00bb100px\u00a0\u00bb padding_bottom=\u00a0\u00bb100px\u00a0\u00bb margin_bottom=\u00a0\u00bb0&Prime;][vc_column css=\u00a0\u00bb.vc_custom_1438243621322{padding-right: 15% !important;padding-left: 15% !important;}\u00a0\u00bb]<div class=\"eut-element eut-slogan eut-align-center\" style=\"\"><h2 class=\"eut-slogan-title eut-align-center eut-title-line\"><span>Des cabanes sur pilotis, <small>mais pas seulement...<\/small><\/span><\/h2>  <p class=\"eut-leader-text\">Pour qu\u2019un projet de construction ou d&rsquo;extension prenne forme, se concr\u00e9tise et se finalise, il est n\u00e9cessaire de travailler dans l\u2019objectif d\u2019apporter de la compl\u00e9mentarit\u00e9 \u00e0 vos ouvrages. Nous apportons l\u2019un \u00e0 l\u2019autre nos connaissances mutuelles et nos savoir-faire, qu&rsquo;il s&rsquo;agisse de la construction de cabanes sur pilotis en bois ou dans les arbres, mais aussi de l&rsquo;utilisation de mat\u00e9riaux plus classiques pour l&rsquo;am\u00e9nagement int\u00e9rieur et ext\u00e9rieur de votre habitation.<\/p><\/div>[\/vc_column][\/vc_row][vc_row padding_top=\u00a0\u00bb100px\u00a0\u00bb padding_bottom=\u00a0\u00bb80px\u00a0\u00bb][vc_column width=\u00a0\u00bb1\/2&Prime; css=\u00a0\u00bb.vc_custom_1447876090808{padding-right: 5% !important;padding-left: 5% !important;}\u00a0\u00bb]<div class=\"eut-element eut-box-icon eut-align-center eut-medium\" style=\"\"><a href=\"http:\/\/www.smg-amenagement.fr\/2015\/cabanes-dans-les-arbres\/\" target=\"_self\"><div class=\"eut-image-icon\"><img width=\"108\" height=\"108\" src=\"https:\/\/www.smg-amenagement.fr\/2015\/wp-content\/uploads\/2015\/07\/icon-cabanes-perchees.png\" class=\"attachment-full size-full\" alt=\"Construction de cabanes perch\u00e9es\" srcset=\"https:\/\/www.smg-amenagement.fr\/2015\/wp-content\/uploads\/2015\/07\/icon-cabanes-perchees.png 1x,https:\/\/www.smg-amenagement.fr\/2015\/wp-content\/uploads\/2015\/07\/icon-cabanes-perchees@2x.png 2x\" \/><\/div><\/a>  <div class=\"eut-box-content\"><a href=\"http:\/\/www.smg-amenagement.fr\/2015\/cabanes-dans-les-arbres\/\" target=\"_self\">      <h4 class=\"eut-box-title\">Construction de cabanes sur pilotis<\/h4><\/a>    <p class=\"\">Vivez l&rsquo;habitat autrement et optez pour un mode de vie diff\u00e9rent. Assembl\u00e9e sur place et ne n\u00e9cessitant pas de moyens d&rsquo;acc\u00e8s lourds, les cabanes dans les arbres (ou cabanes sur pilotis) sont un investissement permettant de gagner en intimit\u00e9 tout en optimisant l&rsquo;espace de votre terrain.<\/p>  <\/div><\/div><div class=\"eut-element eut-align-center eut-animated-item eut-fadeInUp\" data-delay=\"200\"><a class=\"eut-btn eut-btn-medium eut-extra-round eut-grey-color eut-btn-line\" href=\"https:\/\/www.smg-amenagement.fr\/2015\/cabanes-dans-les-arbres\/\" target=\"_self\" style=\"\"><span>En savoir plus<\/span><\/a><\/div>[\/vc_column][vc_column width=\u00a0\u00bb1\/2&Prime; css=\u00a0\u00bb.vc_custom_1447876101238{border-left-width: 1px !important;padding-right: 5% !important;padding-left: 5% !important;border-left-color: #f2f2f2 !important;border-left-style: solid !important;border-radius: 1px !important;}\u00a0\u00bb]<div class=\"eut-element eut-box-icon eut-align-center eut-medium\" style=\"\"><a href=\"http:\/\/www.smg-amenagement.fr\/2015\/agrandissement-de-maison\/\" target=\"_self\"><div class=\"eut-image-icon\"><img width=\"108\" height=\"108\" src=\"https:\/\/www.smg-amenagement.fr\/2015\/wp-content\/uploads\/2015\/07\/icon-aggrandissement-maison.png\" class=\"attachment-full size-full\" alt=\"Agrandissement et extension de maison\" srcset=\"https:\/\/www.smg-amenagement.fr\/2015\/wp-content\/uploads\/2015\/07\/icon-aggrandissement-maison.png 1x,https:\/\/www.smg-amenagement.fr\/2015\/wp-content\/uploads\/2015\/07\/icon-aggrandissement-maison@2x.png 2x\" \/><\/div><\/a>  <div class=\"eut-box-content\"><a href=\"http:\/\/www.smg-amenagement.fr\/2015\/agrandissement-de-maison\/\" target=\"_self\">      <h4 class=\"eut-box-title\">Extension et agrandissement de maison<\/h4><\/a>    <p class=\"\">Vous souhaitez \u00e9tendre votre lieu de vie pour des raisons pratiques ou de confort ? SMG Am\u00e9nagement vous propose des solutions d&rsquo;extension \/ agrandissement de maison sur mesure et adapt\u00e9es \u00e0 la configuration existante de votre habitation.<\/p>  <\/div><\/div><div class=\"eut-element eut-align-center eut-animated-item eut-fadeInUp\" data-delay=\"200\"><a class=\"eut-btn eut-btn-medium eut-extra-round eut-grey-color eut-btn-line\" href=\"https:\/\/www.smg-amenagement.fr\/2015\/agrandissement-de-maison\/\" target=\"_self\" style=\"\"><span>En savoir plus<\/span><\/a><\/div>[\/vc_column][\/vc_row][vc_row padding_bottom=\u00a0\u00bb100px\u00a0\u00bb margin_bottom=\u00a0\u00bb0&Prime;][vc_column width=\u00a0\u00bb1\/2&Prime; css=\u00a0\u00bb.vc_custom_1447876148341{padding-right: 5% !important;padding-left: 5% !important;}\u00a0\u00bb]<div class=\"eut-element eut-box-icon eut-align-center eut-medium\" style=\"\"><a href=\"http:\/\/www.smg-amenagement.fr\/2015\/construction-de-terrasse-bois\/\" target=\"_self\"><div class=\"eut-image-icon\"><img width=\"108\" height=\"108\" src=\"https:\/\/www.smg-amenagement.fr\/2015\/wp-content\/uploads\/2015\/07\/icon-terrasses-bois.png\" class=\"attachment-full size-full\" alt=\"Terrasses bois, terrasses couvertes\" srcset=\"https:\/\/www.smg-amenagement.fr\/2015\/wp-content\/uploads\/2015\/07\/icon-terrasses-bois.png 1x,https:\/\/www.smg-amenagement.fr\/2015\/wp-content\/uploads\/2015\/07\/icon-terrasses-bois@2x.png 2x\" \/><\/div><\/a>  <div class=\"eut-box-content\"><a href=\"http:\/\/www.smg-amenagement.fr\/2015\/construction-de-terrasse-bois\/\" target=\"_self\">      <h4 class=\"eut-box-title\">Terrasses bois \/ couvertes,pontons, passerelles<\/h4><\/a>    <p class=\"\">La construction d&rsquo;une terrasse bois ou d&rsquo;une terrasse couverte, la fabrication d&rsquo;une passerelle ou d&rsquo;un ponton en ext\u00e9rieur impliquent une expertise technique r\u00e9elle. La s\u00e9lection des essences de bois est conditionn\u00e9e par l&rsquo;environnement et les contraintes d&rsquo;entretien.<\/p>  <\/div><\/div><div class=\"eut-element eut-align-center eut-animated-item eut-fadeInUp\" data-delay=\"200\"><a class=\"eut-btn eut-btn-medium eut-extra-round eut-grey-color eut-btn-line\" href=\"https:\/\/www.smg-amenagement.fr\/2015\/construction-de-terrasse-bois\/\" target=\"_self\" style=\"\"><span>En savoir plus<\/span><\/a><\/div>[\/vc_column][vc_column width=\u00a0\u00bb1\/2&Prime; css=\u00a0\u00bb.vc_custom_1447876122676{border-left-width: 1px !important;padding-right: 5% !important;padding-left: 5% !important;border-left-color: #f2f2f2 !important;border-left-style: solid !important;border-radius: 1px !important;}\u00a0\u00bb]<div class=\"eut-element eut-box-icon eut-align-center eut-medium\" style=\"\"><a href=\"http:\/\/www.smg-amenagement.fr\/2015\/amenagement-interieur\/\" target=\"_self\"><div class=\"eut-image-icon\"><img width=\"108\" height=\"108\" src=\"https:\/\/www.smg-amenagement.fr\/2015\/wp-content\/uploads\/2015\/07\/icon-amenagement-interieur.png\" class=\"attachment-full size-full\" alt=\"Am\u00e9nagement d\u2019int\u00e9rieur, combles, cloisons, plafonds\" srcset=\"https:\/\/www.smg-amenagement.fr\/2015\/wp-content\/uploads\/2015\/07\/icon-amenagement-interieur.png 1x,https:\/\/www.smg-amenagement.fr\/2015\/wp-content\/uploads\/2015\/07\/icon-amenagement-interieur@2x.png 2x\" \/><\/div><\/a>  <div class=\"eut-box-content\"><a href=\"http:\/\/www.smg-amenagement.fr\/2015\/amenagement-interieur\/\" target=\"_self\">      <h4 class=\"eut-box-title\">Am\u00e9nagement int\u00e9rieur,combles, cloisons, plafonds<\/h4><\/a>    <p class=\"\">Selon une logique inverse \u00e0 l&rsquo;extension de maison, l&rsquo;am\u00e9nagement int\u00e9rieur permet de repenser son habitat en optimisant ses volumes inutilis\u00e9s, comme des combles, en am\u00e9liorant l&rsquo;isolation et l&rsquo;efficacit\u00e9 \u00e9nerg\u00e9tique de son domicile. <\/p>  <\/div><\/div><div class=\"eut-element eut-align-center eut-animated-item eut-fadeInUp\" data-delay=\"200\"><a class=\"eut-btn eut-btn-medium eut-extra-round eut-grey-color eut-btn-line\" href=\"https:\/\/www.smg-amenagement.fr\/2015\/amenagement-interieur\/\" target=\"_self\" style=\"\"><span>En savoir plus<\/span><\/a><\/div>[\/vc_column][\/vc_row][vc_row bg_type=\u00a0\u00bbcolor\u00a0\u00bb padding_bottom=\u00a0\u00bb80px\u00a0\u00bb bg_color=\u00a0\u00bb#ee813d\u00a0\u00bb padding_top=\u00a0\u00bb80px\u00a0\u00bb font_color=\u00a0\u00bb#ffffff\u00a0\u00bb][vc_column width=\u00a0\u00bb1\/6&Prime;][\/vc_column][vc_column width=\u00a0\u00bb2\/3&Prime;]<div class=\"eut-element eut-box-icon eut-align-center eut-medium eut-animated-item eut-fadeInUp\" style=\"\" data-delay=\"200\"><a href=\"http:\/\/www.smg-amenagement.fr\/2015\/cabane-dans-les-arbres\/\" target=\"_self\">  <div class=\"eut-wrapper-icon eut-no-shape eut-color-grey\"><i class=\"fa fa-home eut-color-white\"><\/i><\/div><\/a>  <div class=\"eut-box-content\"><a href=\"http:\/\/www.smg-amenagement.fr\/2015\/cabane-dans-les-arbres\/\" target=\"_self\">      <h4 class=\"eut-box-title\">H\u00f4teliers et propri\u00e9taires de g\u00eetes<\/h4><\/a>    <p class=\"\">SMG Am\u00e9nagement int\u00e9rieur \/ ext\u00e9rieur propose \u00e9galement des services sp\u00e9cifiques et adapt\u00e9s aux h\u00f4tels et g\u00eetes de vacances, allant de l&rsquo;\u00e9tude financi\u00e8re initiale jusqu&rsquo;\u00e0 la finalisation de l&rsquo;ouvrage.<\/p>  <\/div><\/div><div class=\"eut-element eut-align-center eut-animated-item eut-fadeInDown\" data-delay=\"200\"><a class=\"eut-btn eut-btn-medium eut-extra-round eut-white-color eut-btn-line\" href=\"https:\/\/www.smg-amenagement.fr\/2015\/cabane-dans-les-arbres\/\" target=\"_self\" style=\"\"><span>En savoir plus<\/span><\/a><\/div>[\/vc_column][vc_column width=\u00a0\u00bb1\/6&Prime;][\/vc_column][\/vc_row][vc_row bg_type=\u00a0\u00bbcolor\u00a0\u00bb padding_bottom=\u00a0\u00bb80px\u00a0\u00bb bg_color=\u00a0\u00bb#b6aea8&Prime; padding_top=\u00a0\u00bb80px\u00a0\u00bb][vc_column]<div class=\"eut-element eut-carousel-wrapper\"  style=\" \"><div class=\"eut-carousel-navigation eut-light\" data-navigation-type=\"1\">\t<div class=\"eut-carousel-buttons\">\t\t<div class=\"eut-carousel-prev eut-icon-nav-left\"><\/div>\t\t<div class=\"eut-carousel-next eut-icon-nav-right\"><\/div>\t<\/div><\/div><div class=\"eut-slider eut-carousel-element \" data-slider-speed=\"5000\" data-slider-pause=\"no\" data-navigation-type=\"1\" data-slider-autoplay=\"yes\" data-slider-autoheight=\"no\"><div class=\"eut-slider-item\"><figure><div class=\"eut-media\"><img width=\"1170\" height=\"658\" src=\"https:\/\/www.smg-amenagement.fr\/2015\/wp-content\/uploads\/2015\/07\/home_slider_bg-21-1170x658.jpg\" class=\"attachment-eut-image-large-rect-horizontal size-eut-image-large-rect-horizontal\" alt=\"Constructeur de cabanes dans les arbres\" srcset=\"https:\/\/www.smg-amenagement.fr\/2015\/wp-content\/uploads\/2015\/07\/home_slider_bg-21-1170x658.jpg 1170w, https:\/\/www.smg-amenagement.fr\/2015\/wp-content\/uploads\/2015\/07\/home_slider_bg-21-800x450.jpg 800w, https:\/\/www.smg-amenagement.fr\/2015\/wp-content\/uploads\/2015\/07\/home_slider_bg-21-20x11.jpg 20w\" sizes=\"(max-width: 1170px) 100vw, 1170px\" \/><\/div><\/figure><\/div><div class=\"eut-slider-item\"><figure><div class=\"eut-media\"><img width=\"1170\" height=\"658\" src=\"https:\/\/www.smg-amenagement.fr\/2015\/wp-content\/uploads\/2015\/11\/nav_nos-metiers_agrandissement1-1170x658.jpg\" class=\"attachment-eut-image-large-rect-horizontal size-eut-image-large-rect-horizontal\" alt=\"Agrandissement, extension de maison\" srcset=\"https:\/\/www.smg-amenagement.fr\/2015\/wp-content\/uploads\/2015\/11\/nav_nos-metiers_agrandissement1-1170x658.jpg 1170w, https:\/\/www.smg-amenagement.fr\/2015\/wp-content\/uploads\/2015\/11\/nav_nos-metiers_agrandissement1-800x450.jpg 800w, https:\/\/www.smg-amenagement.fr\/2015\/wp-content\/uploads\/2015\/11\/nav_nos-metiers_agrandissement1-20x11.jpg 20w\" sizes=\"(max-width: 1170px) 100vw, 1170px\" \/><\/div><\/figure><\/div><div class=\"eut-slider-item\"><figure><div class=\"eut-media\"><img width=\"1170\" height=\"658\" src=\"https:\/\/www.smg-amenagement.fr\/2015\/wp-content\/uploads\/2015\/11\/nav_nos-metiers_hotels-gites1-1170x658.jpg\" class=\"attachment-eut-image-large-rect-horizontal size-eut-image-large-rect-horizontal\" alt=\"Am\u00e9nagement professionnels : h\u00f4tels et g\u00eetes\" srcset=\"https:\/\/www.smg-amenagement.fr\/2015\/wp-content\/uploads\/2015\/11\/nav_nos-metiers_hotels-gites1-1170x658.jpg 1170w, https:\/\/www.smg-amenagement.fr\/2015\/wp-content\/uploads\/2015\/11\/nav_nos-metiers_hotels-gites1-800x450.jpg 800w, https:\/\/www.smg-amenagement.fr\/2015\/wp-content\/uploads\/2015\/11\/nav_nos-metiers_hotels-gites1-20x11.jpg 20w\" sizes=\"(max-width: 1170px) 100vw, 1170px\" \/><\/div><\/figure><\/div><div class=\"eut-slider-item\"><figure><div class=\"eut-media\"><img width=\"1170\" height=\"658\" src=\"https:\/\/www.smg-amenagement.fr\/2015\/wp-content\/uploads\/2015\/11\/nav_nos-metiers_amenagement1-1170x658.jpg\" class=\"attachment-eut-image-large-rect-horizontal size-eut-image-large-rect-horizontal\" alt=\"Am\u00e9nagement int\u00e9rieur (sol, combles, plafonds)\" srcset=\"https:\/\/www.smg-amenagement.fr\/2015\/wp-content\/uploads\/2015\/11\/nav_nos-metiers_amenagement1-1170x658.jpg 1170w, https:\/\/www.smg-amenagement.fr\/2015\/wp-content\/uploads\/2015\/11\/nav_nos-metiers_amenagement1-800x450.jpg 800w, https:\/\/www.smg-amenagement.fr\/2015\/wp-content\/uploads\/2015\/11\/nav_nos-metiers_amenagement1-20x11.jpg 20w\" sizes=\"(max-width: 1170px) 100vw, 1170px\" \/><\/div><\/figure><\/div>\t<\/div><\/div>[\/vc_column][\/vc_row]<\/p>\n","protected":false},"excerpt":{"rendered":"<p>[vc_row bg_type=\u00a0\u00bbimage\u00a0\u00bb bg_image=\u00a0\u00bb7111&Prime; bg_image_type=\u00a0\u00bbparallax\u00a0\u00bb padding_top=\u00a0\u00bb100px\u00a0\u00bb padding_bottom=\u00a0\u00bb100px\u00a0\u00bb margin_bottom=\u00a0\u00bb0&Prime;][vc_column css=\u00a0\u00bb.vc_custom_1438243621322{padding-right: 15% !important;padding-left: 15% !important;}\u00a0\u00bb][\/vc_column][\/vc_row][vc_row padding_top=\u00a0\u00bb100px\u00a0\u00bb padding_bottom=\u00a0\u00bb80px\u00a0\u00bb][vc_column width=\u00a0\u00bb1\/2&Prime; css=\u00a0\u00bb.vc_custom_1447876090808{padding-right: 5% !important;padding-left: 5% !important;}\u00a0\u00bb][\/vc_column][vc_column width=\u00a0\u00bb1\/2&Prime; css=\u00a0\u00bb.vc_custom_1447876101238{border-left-width: 1px !important;padding-right: 5% !important;padding-left: 5% !important;border-left-color: #f2f2f2 !important;border-left-style: solid !important;border-radius: 1px !important;}\u00a0\u00bb][\/vc_column][\/vc_row][vc_row padding_bottom=\u00a0\u00bb100px\u00a0\u00bb margin_bottom=\u00a0\u00bb0&Prime;][vc_column width=\u00a0\u00bb1\/2&Prime; css=\u00a0\u00bb.vc_custom_1447876148341{padding-right: 5% !important;padding-left: 5% !important;}\u00a0\u00bb][\/vc_column][vc_column width=\u00a0\u00bb1\/2&Prime; css=\u00a0\u00bb.vc_custom_1447876122676{border-left-width: 1px !important;padding-right: 5% !important;padding-left: 5% !important;border-left-color: #f2f2f2 !important;border-left-style: solid !important;border-radius: 1px [&hellip;]<\/p>\n","protected":false},"author":2,"featured_media":0,"parent":0,"menu_order":0,"comment_status":"closed","ping_status":"closed","template":"","meta":[],"yoast_head":"<!-- This site is optimized with the Yoast SEO plugin v17.1 - https:\/\/yoast.com\/wordpress\/plugins\/seo\/ -->\n<title>SMG, constructeur de cabanes sur pilotis, mais pas seulement...<\/title>\n<meta name=\"description\" content=\"SMG Am\u00e9nagement est sp\u00e9cialis\u00e9e dans la construction de cabanes sur pilotis ou dans les arbres, mais \u00e9galement sur les m\u00e9tiers de l&#039;am\u00e9nagement int\u00e9rieur...\" \/>\n<meta name=\"robots\" content=\"index, follow, max-snippet:-1, max-image-preview:large, max-video-preview:-1\" \/>\n<link rel=\"canonical\" href=\"https:\/\/www.smg-amenagement.fr\/2015\/cabanes-sur-pilotis\/\" \/>\n<meta property=\"og:locale\" content=\"fr_FR\" \/>\n<meta property=\"og:type\" content=\"article\" \/>\n<meta property=\"og:title\" content=\"SMG, constructeur de cabanes sur pilotis, mais pas seulement...\" \/>\n<meta property=\"og:description\" content=\"SMG Am\u00e9nagement est sp\u00e9cialis\u00e9e dans la construction de cabanes sur pilotis ou dans les arbres, mais \u00e9galement sur les m\u00e9tiers de l&#039;am\u00e9nagement int\u00e9rieur...\" \/>\n<meta property=\"og:url\" content=\"https:\/\/www.smg-amenagement.fr\/2015\/cabanes-sur-pilotis\/\" \/>\n<meta property=\"og:site_name\" content=\"SMG Am\u00e9nagement sp\u00e9cifique\" \/>\n<meta property=\"article:publisher\" content=\"https:\/\/www.facebook.com\/smgamenagement.fr\/\" \/>\n<meta property=\"article:modified_time\" content=\"2021-09-03T06:44:52+00:00\" \/>\n<meta name=\"twitter:card\" content=\"summary\" \/>\n<meta name=\"twitter:label1\" content=\"Dur\u00e9e de lecture est.\" \/>\n\t<meta name=\"twitter:data1\" content=\"4 minutes\" \/>\n<script type=\"application\/ld+json\" class=\"yoast-schema-graph\">{\"@context\":\"https:\/\/schema.org\",\"@graph\":[{\"@type\":\"WebSite\",\"@id\":\"https:\/\/www.smg-amenagement.fr\/2015\/#website\",\"url\":\"https:\/\/www.smg-amenagement.fr\/2015\/\",\"name\":\"SMG Am\\u00e9nagement sp\\u00e9cifique\",\"description\":\"\",\"potentialAction\":[{\"@type\":\"SearchAction\",\"target\":{\"@type\":\"EntryPoint\",\"urlTemplate\":\"https:\/\/www.smg-amenagement.fr\/2015\/?s={search_term_string}\"},\"query-input\":\"required name=search_term_string\"}],\"inLanguage\":\"fr-FR\"},{\"@type\":\"WebPage\",\"@id\":\"https:\/\/www.smg-amenagement.fr\/2015\/cabanes-sur-pilotis\/#webpage\",\"url\":\"https:\/\/www.smg-amenagement.fr\/2015\/cabanes-sur-pilotis\/\",\"name\":\"SMG, constructeur de cabanes sur pilotis, mais pas seulement...\",\"isPartOf\":{\"@id\":\"https:\/\/www.smg-amenagement.fr\/2015\/#website\"},\"datePublished\":\"2015-10-28T18:42:32+00:00\",\"dateModified\":\"2021-09-03T06:44:52+00:00\",\"description\":\"SMG Am\\u00e9nagement est sp\\u00e9cialis\\u00e9e dans la construction de cabanes sur pilotis ou dans les arbres, mais \\u00e9galement sur les m\\u00e9tiers de l'am\\u00e9nagement int\\u00e9rieur...\",\"breadcrumb\":{\"@id\":\"https:\/\/www.smg-amenagement.fr\/2015\/cabanes-sur-pilotis\/#breadcrumb\"},\"inLanguage\":\"fr-FR\",\"potentialAction\":[{\"@type\":\"ReadAction\",\"target\":[\"https:\/\/www.smg-amenagement.fr\/2015\/cabanes-sur-pilotis\/\"]}]},{\"@type\":\"BreadcrumbList\",\"@id\":\"https:\/\/www.smg-amenagement.fr\/2015\/cabanes-sur-pilotis\/#breadcrumb\",\"itemListElement\":[{\"@type\":\"ListItem\",\"position\":1,\"name\":\"Nos m\\u00e9tiers\"}]}]}<\/script>\n<!-- \/ Yoast SEO plugin. -->","yoast_head_json":{"title":"SMG, constructeur de cabanes sur pilotis, mais pas seulement...","description":"SMG Am\u00e9nagement est sp\u00e9cialis\u00e9e dans la construction de cabanes sur pilotis ou dans les arbres, mais \u00e9galement sur les m\u00e9tiers de l'am\u00e9nagement int\u00e9rieur...","robots":{"index":"index","follow":"follow","max-snippet":"max-snippet:-1","max-image-preview":"max-image-preview:large","max-video-preview":"max-video-preview:-1"},"canonical":"https:\/\/www.smg-amenagement.fr\/2015\/cabanes-sur-pilotis\/","og_locale":"fr_FR","og_type":"article","og_title":"SMG, constructeur de cabanes sur pilotis, mais pas seulement...","og_description":"SMG Am\u00e9nagement est sp\u00e9cialis\u00e9e dans la construction de cabanes sur pilotis ou dans les arbres, mais \u00e9galement sur les m\u00e9tiers de l'am\u00e9nagement int\u00e9rieur...","og_url":"https:\/\/www.smg-amenagement.fr\/2015\/cabanes-sur-pilotis\/","og_site_name":"SMG Am\u00e9nagement sp\u00e9cifique","article_publisher":"https:\/\/www.facebook.com\/smgamenagement.fr\/","article_modified_time":"2021-09-03T06:44:52+00:00","twitter_card":"summary","twitter_misc":{"Dur\u00e9e de lecture est.":"4 minutes"},"schema":{"@context":"https:\/\/schema.org","@graph":[{"@type":"WebSite","@id":"https:\/\/www.smg-amenagement.fr\/2015\/#website","url":"https:\/\/www.smg-amenagement.fr\/2015\/","name":"SMG Am\u00e9nagement sp\u00e9cifique","description":"","potentialAction":[{"@type":"SearchAction","target":{"@type":"EntryPoint","urlTemplate":"https:\/\/www.smg-amenagement.fr\/2015\/?s={search_term_string}"},"query-input":"required name=search_term_string"}],"inLanguage":"fr-FR"},{"@type":"WebPage","@id":"https:\/\/www.smg-amenagement.fr\/2015\/cabanes-sur-pilotis\/#webpage","url":"https:\/\/www.smg-amenagement.fr\/2015\/cabanes-sur-pilotis\/","name":"SMG, constructeur de cabanes sur pilotis, mais pas seulement...","isPartOf":{"@id":"https:\/\/www.smg-amenagement.fr\/2015\/#website"},"datePublished":"2015-10-28T18:42:32+00:00","dateModified":"2021-09-03T06:44:52+00:00","description":"SMG Am\u00e9nagement est sp\u00e9cialis\u00e9e dans la construction de cabanes sur pilotis ou dans les arbres, mais \u00e9galement sur les m\u00e9tiers de l'am\u00e9nagement int\u00e9rieur...","breadcrumb":{"@id":"https:\/\/www.smg-amenagement.fr\/2015\/cabanes-sur-pilotis\/#breadcrumb"},"inLanguage":"fr-FR","potentialAction":[{"@type":"ReadAction","target":["https:\/\/www.smg-amenagement.fr\/2015\/cabanes-sur-pilotis\/"]}]},{"@type":"BreadcrumbList","@id":"https:\/\/www.smg-amenagement.fr\/2015\/cabanes-sur-pilotis\/#breadcrumb","itemListElement":[{"@type":"ListItem","position":1,"name":"Nos m\u00e9tiers"}]}]}},"_links":{"self":[{"href":"https:\/\/www.smg-amenagement.fr\/2015\/wp-json\/wp\/v2\/pages\/6494"}],"collection":[{"href":"https:\/\/www.smg-amenagement.fr\/2015\/wp-json\/wp\/v2\/pages"}],"about":[{"href":"https:\/\/www.smg-amenagement.fr\/2015\/wp-json\/wp\/v2\/types\/page"}],"author":[{"embeddable":true,"href":"https:\/\/www.smg-amenagement.fr\/2015\/wp-json\/wp\/v2\/users\/2"}],"replies":[{"embeddable":true,"href":"https:\/\/www.smg-amenagement.fr\/2015\/wp-json\/wp\/v2\/comments?post=6494"}],"version-history":[{"count":0,"href":"https:\/\/www.smg-amenagement.fr\/2015\/wp-json\/wp\/v2\/pages\/6494\/revisions"}],"wp:attachment":[{"href":"https:\/\/www.smg-amenagement.fr\/2015\/wp-json\/wp\/v2\/media?parent=6494"}],"curies":[{"name":"wp","href":"https:\/\/api.w.org\/{rel}","templated":true}]}}