{"id":2798,"date":"2015-07-07T12:40:26","date_gmt":"2015-07-07T11:40:26","guid":{"rendered":"https:\/\/www.smg-amenagement.fr\/2015\/home\/"},"modified":"2021-09-03T07:32:30","modified_gmt":"2021-09-03T06:32:30","slug":"constructeur-de-cabanes-perchees","status":"publish","type":"page","link":"https:\/\/www.smg-amenagement.fr\/2015\/","title":{"rendered":"Accueil"},"content":{"rendered":"<p>[vc_row bg_type=\u00a0\u00bbimage\u00a0\u00bb bg_image=\u00a0\u00bb6417&Prime; bg_image_type=\u00a0\u00bbparallax\u00a0\u00bb padding_top=\u00a0\u00bb120&Prime; padding_bottom=\u00a0\u00bb60&Prime;][vc_column][vc_column_text]<\/p>\n<h2>Constructeur de cabanes perch\u00e9es<br \/>\n<small class=\"eut-color-grey2\">Am\u00e9nagement int\u00e9rieur et ext\u00e9rieur<\/small><\/h2>\n<p>[\/vc_column_text][vc_row_inner css=\u00a0\u00bb.vc_custom_1445963334165{margin-bottom: 40px !important;}\u00a0\u00bb][vc_column_inner width=\u00a0\u00bb1\/4&Prime;]<div class=\"eut-element eut-hr eut-line-divider-thick\" style=\"\"><div class=\"eut-line-divider\"><\/div><\/div>[\/vc_column_inner][vc_column_inner width=\u00a0\u00bb3\/4&Prime;][\/vc_column_inner][\/vc_row_inner][vc_column_text text_style=\u00a0\u00bbleader-text\u00a0\u00bb animation_delay=\u00a0\u00bb250&Prime; css=\u00a0\u00bb.vc_custom_1452610522406{margin-bottom: 60px !important;}\u00a0\u00bb]SMG Am\u00e9nagement est une entreprise sp\u00e9cialis\u00e9e dans la <strong>construction de cabanes perch\u00e9es en Alsace<\/strong> qui propose l\u2019\u00e9tude, la conception et la r\u00e9alisation de <strong>cabanes dans les arbres ou sur pilotis<\/strong>, mais aussi de <strong>terrasses bois<\/strong>, <strong>platelages,<\/strong> <strong>pontons<\/strong> et <strong>passerelles<\/strong>. SMG Am\u00e9nagement effectue \u00e9galement la transformation et l\u2019<strong>am\u00e9nagement de combles<\/strong>.[\/vc_column_text][vc_row_inner][vc_column_inner width=\u00a0\u00bb1\/4&Prime; tablet_sm_width=\u00a0\u00bb1-2&Prime;]<div class=\"eut-element eut-image eut-animated-item eut-fadeInUp eut-align-center\" style=\"\" data-delay=\"200\"><img width=\"108\" height=\"108\" src=\"https:\/\/www.smg-amenagement.fr\/2015\/wp-content\/uploads\/2015\/07\/icon-cabanes-perchees.png\" class=\"attachment-full size-full\" alt=\"Construction de cabanes perch\u00e9es\" srcset=\"https:\/\/www.smg-amenagement.fr\/2015\/wp-content\/uploads\/2015\/07\/icon-cabanes-perchees.png 1x,https:\/\/www.smg-amenagement.fr\/2015\/wp-content\/uploads\/2015\/07\/icon-cabanes-perchees@2x.png 2x\" \/><\/div>[vc_column_text el_class=\u00a0\u00bbeut-align-center\u00a0\u00bb]<\/p>\n<h4 class=\"eut-h6\">Construction de cabanes\u00a0perch\u00e9es<\/h4>\n<p>[\/vc_column_text]<div class=\"eut-element eut-align-center eut-animated-item eut-fadeInDown\" data-delay=\"200\"><a class=\"eut-btn eut-btn-medium eut-extra-round eut-grey-color eut-btn-line\" href=\"https:\/\/www.smg-amenagement.fr\/2015\/cabanes-dans-les-arbres\/\" target=\"_self\" style=\"\"><span>En savoir plus<\/span><\/a><\/div>[vc_empty_space][\/vc_column_inner][vc_column_inner width=\u00a0\u00bb1\/4&Prime; tablet_sm_width=\u00a0\u00bb1-2&Prime;]<div class=\"eut-element eut-image eut-animated-item eut-fadeInUp eut-align-center\" style=\"\" data-delay=\"200\"><img width=\"108\" height=\"108\" src=\"https:\/\/www.smg-amenagement.fr\/2015\/wp-content\/uploads\/2015\/07\/icon-aggrandissement-maison.png\" class=\"attachment-full size-full\" alt=\"Agrandissement et extension de maison\" srcset=\"https:\/\/www.smg-amenagement.fr\/2015\/wp-content\/uploads\/2015\/07\/icon-aggrandissement-maison.png 1x,https:\/\/www.smg-amenagement.fr\/2015\/wp-content\/uploads\/2015\/07\/icon-aggrandissement-maison@2x.png 2x\" \/><\/div>[vc_column_text el_class=\u00a0\u00bbeut-align-center\u00a0\u00bb]<\/p>\n<h4 class=\"eut-h6\">Extension et agrandissement de maison<\/h4>\n<p>[\/vc_column_text]<div class=\"eut-element eut-align-center eut-animated-item eut-fadeInDown\" data-delay=\"200\"><a class=\"eut-btn eut-btn-medium eut-extra-round eut-grey-color eut-btn-line\" href=\"https:\/\/www.smg-amenagement.fr\/2015\/agrandissement-de-maison\/\" target=\"_self\" style=\"\"><span>En savoir plus<\/span><\/a><\/div>[vc_empty_space][\/vc_column_inner][vc_column_inner width=\u00a0\u00bb1\/4&Prime; tablet_sm_width=\u00a0\u00bb1-2&Prime;]<div class=\"eut-element eut-image eut-animated-item eut-fadeInUp eut-align-center\" style=\"\" data-delay=\"200\"><img width=\"108\" height=\"108\" src=\"https:\/\/www.smg-amenagement.fr\/2015\/wp-content\/uploads\/2015\/07\/icon-terrasses-bois.png\" class=\"attachment-full size-full\" alt=\"Terrasses bois, terrasses couvertes\" srcset=\"https:\/\/www.smg-amenagement.fr\/2015\/wp-content\/uploads\/2015\/07\/icon-terrasses-bois.png 1x,https:\/\/www.smg-amenagement.fr\/2015\/wp-content\/uploads\/2015\/07\/icon-terrasses-bois@2x.png 2x\" \/><\/div>[vc_column_text el_class=\u00a0\u00bbeut-align-center\u00a0\u00bb]<\/p>\n<h4 class=\"eut-h6\">Terrasses bois\u00a0\/\u00a0couvertes, pontons, passerelles<\/h4>\n<p>[\/vc_column_text]<div class=\"eut-element eut-align-center eut-animated-item eut-fadeInDown\" data-delay=\"200\"><a class=\"eut-btn eut-btn-medium eut-extra-round eut-grey-color eut-btn-line\" href=\"https:\/\/www.smg-amenagement.fr\/2015\/construction-de-terrasse-bois\/\" target=\"_self\" style=\"\"><span>En savoir plus<\/span><\/a><\/div>[vc_empty_space][\/vc_column_inner][vc_column_inner width=\u00a0\u00bb1\/4&Prime; tablet_sm_width=\u00a0\u00bb1-2&Prime;]<div class=\"eut-element eut-image eut-animated-item eut-fadeInUp eut-align-center\" style=\"\" data-delay=\"200\"><img width=\"108\" height=\"108\" src=\"https:\/\/www.smg-amenagement.fr\/2015\/wp-content\/uploads\/2015\/07\/icon-amenagement-interieur.png\" class=\"attachment-full size-full\" alt=\"Am\u00e9nagement d\u2019int\u00e9rieur, combles, cloisons, plafonds\" srcset=\"https:\/\/www.smg-amenagement.fr\/2015\/wp-content\/uploads\/2015\/07\/icon-amenagement-interieur.png 1x,https:\/\/www.smg-amenagement.fr\/2015\/wp-content\/uploads\/2015\/07\/icon-amenagement-interieur@2x.png 2x\" \/><\/div>[vc_column_text el_class=\u00a0\u00bbeut-align-center\u00a0\u00bb]<\/p>\n<h4 class=\"eut-h6\">Am\u00e9nagement int\u00e9rieur, combles, cloisons, plafonds<\/h4>\n<p>[\/vc_column_text]<div class=\"eut-element eut-align-center eut-animated-item eut-fadeInDown\" data-delay=\"200\"><a class=\"eut-btn eut-btn-medium eut-extra-round eut-grey-color eut-btn-line\" href=\"https:\/\/www.smg-amenagement.fr\/2015\/amenagement-interieur\/\" target=\"_self\" style=\"\"><span>En savoir plus<\/span><\/a><\/div>[vc_empty_space][\/vc_column_inner][\/vc_row_inner][\/vc_column][\/vc_row][vc_row section_type=\u00a0\u00bbfullwidth-element\u00a0\u00bb margin_bottom=\u00a0\u00bb0&Prime;][vc_column]<div class=\"eut-element eut-hr \" style=\"\"><div class=\"eut-line-divider\"><\/div><\/div>[\/vc_column][\/vc_row][vc_row heading_color=\u00a0\u00bblight\u00a0\u00bb section_type=\u00a0\u00bbfullwidth-element\u00a0\u00bb bg_type=\u00a0\u00bbcolor\u00a0\u00bb flex_height=\u00a0\u00bbyes\u00a0\u00bb margin_bottom=\u00a0\u00bb0&Prime; font_color=\u00a0\u00bbrgba(255,255,255,0.4)\u00a0\u00bb bg_color=\u00a0\u00bb#2f2f2f\u00a0\u00bb][vc_column width=\u00a0\u00bb1\/2&Prime; tablet_sm_width=\u00a0\u00bb1&Prime; css=\u00a0\u00bb.vc_custom_1445962875938{padding-top: 100px !important;padding-right: 5% !important;padding-bottom: 0px !important;padding-left: 5% !important;}\u00a0\u00bb]<div class=\"eut-element eut-slogan eut-align-center eut-color-white\" style=\"\"><h3 class=\"eut-slogan-title eut-align-center eut-title-line\"><span>Des solutions cl\u00e9 en main <small>pour les professionnels, h\u00f4tels et g\u00eetes<\/small><\/span><\/h3>  <p class=\"\">Vous souhaitez vous d\u00e9marquer et proposer un h\u00e9bergement original et insolite ? SMG Am\u00e9nagement, constructeur de cabanes perch\u00e9es dans les arbres et \u00e9quip\u00e9es (chambre avec vue panoramique, sauna, salon de massage&#8230;), vous propose d&rsquo;offrir \u00e0 votre client\u00e8le une ambiance naturelle et chaleureuse au coeur de la nature.<\/p><div class=\"eut-btn-wrapper\"><a class=\"eut-btn eut-btn-medium eut-extra-round eut-white-color eut-btn-line\" href=\"https:\/\/www.smg-amenagement.fr\/2015\/cabane-dans-les-arbres\/\" target=\"_self\" style=\"\"><span>Des solutions pour h\u00f4tels et g\u00eetes<\/span><\/a><\/div><\/div>[\/vc_column][vc_column width=\u00a0\u00bb1\/4&Prime; tablet_sm_width=\u00a0\u00bb1-2&Prime; css=\u00a0\u00bb.vc_custom_1448461388668{background-image: url(https:\/\/www.smg-amenagement.fr\/2015\/wp-content\/uploads\/2015\/11\/home_pros_pic-1.jpg?id=7116) !important;background-position: center !important;background-repeat: no-repeat !important;background-size: cover !important;}\u00a0\u00bb][vc_empty_space height=\u00a0\u00bb520px\u00a0\u00bb][\/vc_column][vc_column width=\u00a0\u00bb1\/4&Prime; tablet_sm_width=\u00a0\u00bb1-2&Prime; css=\u00a0\u00bb.vc_custom_1446046819996{background-image: url(https:\/\/www.smg-amenagement.fr\/2015\/wp-content\/uploads\/2015\/07\/home_pros_pic-2.jpg?id=6374) !important;background-position: center !important;background-repeat: no-repeat !important;background-size: cover !important;}\u00a0\u00bb el_class=\u00a0\u00bbunclear\u00a0\u00bb][vc_empty_space height=\u00a0\u00bb520px\u00a0\u00bb css=\u00a0\u00bb.vc_custom_1446046649619{background-image: url(https:\/\/www.smg-amenagement.fr\/2015\/wp-content\/uploads\/2015\/07\/home_pros_pic-2.jpg?id=6374) !important;background-position: center !important;background-repeat: no-repeat !important;background-size: cover !important;}\u00a0\u00bb el_class=\u00a0\u00bbfloatL\u00a0\u00bb][\/vc_column][\/vc_row][vc_row][vc_column][\/vc_column][\/vc_row][vc_row bg_type=\u00a0\u00bbimage\u00a0\u00bb bg_image=\u00a0\u00bb6419&Prime; bg_image_type=\u00a0\u00bbparallax\u00a0\u00bb padding_bottom=\u00a0\u00bb150&Prime; el_class=\u00a0\u00bbeut-align-center\u00a0\u00bb][vc_column css=\u00a0\u00bb.vc_custom_1439021916299{padding-right: 15% !important;padding-left: 15% !important;}\u00a0\u00bb][vc_column_text css=\u00a0\u00bb.vc_custom_1452845665933{padding-top: 100px !important;}\u00a0\u00bb]<\/p>\n<h2>Vous avez un <strong>projet<\/strong><br \/>\n<small>de construction\u00a0de cabane dans les arbres ?<\/small><\/h2>\n<p>[\/vc_column_text][vc_row_inner css=\u00a0\u00bb.vc_custom_1445963334165{margin-bottom: 40px !important;}\u00a0\u00bb][vc_column_inner width=\u00a0\u00bb1\/3&Prime;][\/vc_column_inner][vc_column_inner width=\u00a0\u00bb1\/3&Prime;]<div class=\"eut-element eut-hr eut-line-divider-thick2\" style=\"\"><div class=\"eut-line-divider\"><\/div><\/div>[\/vc_column_inner][vc_column_inner width=\u00a0\u00bb1\/3&Prime;][\/vc_column_inner][\/vc_row_inner][vc_column_text text_style=\u00a0\u00bbleader-text\u00a0\u00bb]Vous r\u00eavez d\u2019une v\u00e9ritable <strong>pi\u00e8ce d\u2019habitation dans les arbres<\/strong> ?<br \/>\nVous souhaitez confier l\u2019<strong>am\u00e9nagement int\u00e9rieur<\/strong>, l\u2019<strong>agrandissement<\/strong>\/<strong>extension de maison\u00a0<\/strong>ou la <strong>construction de terrasse bois<\/strong> \u00e0 des professionnels chevronn\u00e9s et passionn\u00e9s ?<\/p>\n<p><strong>N\u2019h\u00e9sitez pas&#8230;<\/strong>[\/vc_column_text]<div class=\"eut-element eut-align-center eut-animated-item eut-fadeInUp\" data-delay=\"200\"><a class=\"eut-btn eut-btn-extralarge eut-extra-round eut-bg-primary-1\" href=\"https:\/\/www.smg-amenagement.fr\/2015\/amenagement-interieur-specifique\/\" target=\"_self\" style=\"\"><span>Contactez-nous<\/span><\/a><\/div>[\/vc_column][\/vc_row]<\/p>\n","protected":false},"excerpt":{"rendered":"<p>[vc_row bg_type=\u00a0\u00bbimage\u00a0\u00bb bg_image=\u00a0\u00bb6417&Prime; bg_image_type=\u00a0\u00bbparallax\u00a0\u00bb padding_top=\u00a0\u00bb120&Prime; padding_bottom=\u00a0\u00bb60&Prime;][vc_column][vc_column_text] Constructeur de cabanes perch\u00e9es Am\u00e9nagement int\u00e9rieur et ext\u00e9rieur [\/vc_column_text][vc_row_inner css=\u00a0\u00bb.vc_custom_1445963334165{margin-bottom: 40px !important;}\u00a0\u00bb][vc_column_inner width=\u00a0\u00bb1\/4&Prime;][\/vc_column_inner][vc_column_inner width=\u00a0\u00bb3\/4&Prime;][\/vc_column_inner][\/vc_row_inner][vc_column_text text_style=\u00a0\u00bbleader-text\u00a0\u00bb animation_delay=\u00a0\u00bb250&Prime; css=\u00a0\u00bb.vc_custom_1452610522406{margin-bottom: 60px !important;}\u00a0\u00bb]SMG Am\u00e9nagement est une entreprise sp\u00e9cialis\u00e9e dans la construction de cabanes perch\u00e9es en Alsace qui propose l\u2019\u00e9tude, la conception et la r\u00e9alisation de cabanes dans les arbres ou sur pilotis, mais [&hellip;]<\/p>\n","protected":false},"author":2,"featured_media":0,"parent":0,"menu_order":0,"comment_status":"closed","ping_status":"closed","template":"","meta":[],"yoast_head":"<!-- This site is optimized with the Yoast SEO plugin v17.1 - https:\/\/yoast.com\/wordpress\/plugins\/seo\/ -->\n<title>Constructeur de cabanes perch\u00e9es en Alsace :\u00a0SMG Am\u00e9nagement<\/title>\n<meta name=\"description\" content=\"SMG Am\u00e9nagement, expert constructeur de cabanes perch\u00e9es en Alsace, de terrasses bois, et sp\u00e9cialiste de l&#039;am\u00e9nagement int\u00e9rieur et ext\u00e9rieur\" \/>\n<meta name=\"robots\" content=\"index, follow, max-snippet:-1, max-image-preview:large, max-video-preview:-1\" \/>\n<link rel=\"canonical\" href=\"https:\/\/www.smg-amenagement.fr\/2015\/\" \/>\n<meta property=\"og:locale\" content=\"fr_FR\" \/>\n<meta property=\"og:type\" content=\"article\" \/>\n<meta property=\"og:title\" content=\"Constructeur de cabanes perch\u00e9es en Alsace :\u00a0SMG Am\u00e9nagement\" \/>\n<meta property=\"og:description\" content=\"SMG Am\u00e9nagement, expert constructeur de cabanes perch\u00e9es en Alsace, de terrasses bois, et sp\u00e9cialiste de l&#039;am\u00e9nagement int\u00e9rieur et ext\u00e9rieur\" \/>\n<meta property=\"og:url\" content=\"https:\/\/www.smg-amenagement.fr\/2015\/\" \/>\n<meta property=\"og:site_name\" content=\"SMG Am\u00e9nagement sp\u00e9cifique\" \/>\n<meta property=\"article:publisher\" content=\"https:\/\/www.facebook.com\/smgamenagement.fr\/\" \/>\n<meta property=\"article:modified_time\" content=\"2021-09-03T06:32:30+00:00\" \/>\n<meta name=\"twitter:card\" content=\"summary\" \/>\n<meta name=\"twitter:label1\" content=\"Dur\u00e9e de lecture est.\" \/>\n\t<meta name=\"twitter:data1\" content=\"2 minutes\" \/>\n<script type=\"application\/ld+json\" class=\"yoast-schema-graph\">{\"@context\":\"https:\/\/schema.org\",\"@graph\":[{\"@type\":\"WebSite\",\"@id\":\"https:\/\/www.smg-amenagement.fr\/2015\/#website\",\"url\":\"https:\/\/www.smg-amenagement.fr\/2015\/\",\"name\":\"SMG Am\\u00e9nagement sp\\u00e9cifique\",\"description\":\"\",\"potentialAction\":[{\"@type\":\"SearchAction\",\"target\":{\"@type\":\"EntryPoint\",\"urlTemplate\":\"https:\/\/www.smg-amenagement.fr\/2015\/?s={search_term_string}\"},\"query-input\":\"required name=search_term_string\"}],\"inLanguage\":\"fr-FR\"},{\"@type\":\"WebPage\",\"@id\":\"https:\/\/www.smg-amenagement.fr\/2015\/#webpage\",\"url\":\"https:\/\/www.smg-amenagement.fr\/2015\/\",\"name\":\"Constructeur de cabanes perch\\u00e9es en Alsace :\\u00a0SMG Am\\u00e9nagement\",\"isPartOf\":{\"@id\":\"https:\/\/www.smg-amenagement.fr\/2015\/#website\"},\"datePublished\":\"2015-07-07T11:40:26+00:00\",\"dateModified\":\"2021-09-03T06:32:30+00:00\",\"description\":\"SMG Am\\u00e9nagement, expert constructeur de cabanes perch\\u00e9es en Alsace, de terrasses bois, et sp\\u00e9cialiste de l'am\\u00e9nagement int\\u00e9rieur et ext\\u00e9rieur\",\"breadcrumb\":{\"@id\":\"https:\/\/www.smg-amenagement.fr\/2015\/#breadcrumb\"},\"inLanguage\":\"fr-FR\",\"potentialAction\":[{\"@type\":\"ReadAction\",\"target\":[\"https:\/\/www.smg-amenagement.fr\/2015\/\"]}]},{\"@type\":\"BreadcrumbList\",\"@id\":\"https:\/\/www.smg-amenagement.fr\/2015\/#breadcrumb\",\"itemListElement\":[{\"@type\":\"ListItem\",\"position\":1,\"name\":\"Accueil\"}]}]}<\/script>\n<!-- \/ Yoast SEO plugin. -->","yoast_head_json":{"title":"Constructeur de cabanes perch\u00e9es en Alsace :\u00a0SMG Am\u00e9nagement","description":"SMG Am\u00e9nagement, expert constructeur de cabanes perch\u00e9es en Alsace, de terrasses bois, et sp\u00e9cialiste de l'am\u00e9nagement int\u00e9rieur et ext\u00e9rieur","robots":{"index":"index","follow":"follow","max-snippet":"max-snippet:-1","max-image-preview":"max-image-preview:large","max-video-preview":"max-video-preview:-1"},"canonical":"https:\/\/www.smg-amenagement.fr\/2015\/","og_locale":"fr_FR","og_type":"article","og_title":"Constructeur de cabanes perch\u00e9es en Alsace :\u00a0SMG Am\u00e9nagement","og_description":"SMG Am\u00e9nagement, expert constructeur de cabanes perch\u00e9es en Alsace, de terrasses bois, et sp\u00e9cialiste de l'am\u00e9nagement int\u00e9rieur et ext\u00e9rieur","og_url":"https:\/\/www.smg-amenagement.fr\/2015\/","og_site_name":"SMG Am\u00e9nagement sp\u00e9cifique","article_publisher":"https:\/\/www.facebook.com\/smgamenagement.fr\/","article_modified_time":"2021-09-03T06:32:30+00:00","twitter_card":"summary","twitter_misc":{"Dur\u00e9e de lecture est.":"2 minutes"},"schema":{"@context":"https:\/\/schema.org","@graph":[{"@type":"WebSite","@id":"https:\/\/www.smg-amenagement.fr\/2015\/#website","url":"https:\/\/www.smg-amenagement.fr\/2015\/","name":"SMG Am\u00e9nagement sp\u00e9cifique","description":"","potentialAction":[{"@type":"SearchAction","target":{"@type":"EntryPoint","urlTemplate":"https:\/\/www.smg-amenagement.fr\/2015\/?s={search_term_string}"},"query-input":"required name=search_term_string"}],"inLanguage":"fr-FR"},{"@type":"WebPage","@id":"https:\/\/www.smg-amenagement.fr\/2015\/#webpage","url":"https:\/\/www.smg-amenagement.fr\/2015\/","name":"Constructeur de cabanes perch\u00e9es en Alsace :\u00a0SMG Am\u00e9nagement","isPartOf":{"@id":"https:\/\/www.smg-amenagement.fr\/2015\/#website"},"datePublished":"2015-07-07T11:40:26+00:00","dateModified":"2021-09-03T06:32:30+00:00","description":"SMG Am\u00e9nagement, expert constructeur de cabanes perch\u00e9es en Alsace, de terrasses bois, et sp\u00e9cialiste de l'am\u00e9nagement int\u00e9rieur et ext\u00e9rieur","breadcrumb":{"@id":"https:\/\/www.smg-amenagement.fr\/2015\/#breadcrumb"},"inLanguage":"fr-FR","potentialAction":[{"@type":"ReadAction","target":["https:\/\/www.smg-amenagement.fr\/2015\/"]}]},{"@type":"BreadcrumbList","@id":"https:\/\/www.smg-amenagement.fr\/2015\/#breadcrumb","itemListElement":[{"@type":"ListItem","position":1,"name":"Accueil"}]}]}},"_links":{"self":[{"href":"https:\/\/www.smg-amenagement.fr\/2015\/wp-json\/wp\/v2\/pages\/2798"}],"collection":[{"href":"https:\/\/www.smg-amenagement.fr\/2015\/wp-json\/wp\/v2\/pages"}],"about":[{"href":"https:\/\/www.smg-amenagement.fr\/2015\/wp-json\/wp\/v2\/types\/page"}],"author":[{"embeddable":true,"href":"https:\/\/www.smg-amenagement.fr\/2015\/wp-json\/wp\/v2\/users\/2"}],"replies":[{"embeddable":true,"href":"https:\/\/www.smg-amenagement.fr\/2015\/wp-json\/wp\/v2\/comments?post=2798"}],"version-history":[{"count":0,"href":"https:\/\/www.smg-amenagement.fr\/2015\/wp-json\/wp\/v2\/pages\/2798\/revisions"}],"wp:attachment":[{"href":"https:\/\/www.smg-amenagement.fr\/2015\/wp-json\/wp\/v2\/media?parent=2798"}],"curies":[{"name":"wp","href":"https:\/\/api.w.org\/{rel}","templated":true}]}}