{"id":1573,"date":"2015-06-28T16:31:00","date_gmt":"2015-06-28T15:31:00","guid":{"rendered":"https:\/\/www.smg-amenagement.fr\/2015\/contact-us\/"},"modified":"2024-08-24T11:19:17","modified_gmt":"2024-08-24T10:19:17","slug":"amenagement-interieur-specifique","status":"publish","type":"page","link":"https:\/\/www.smg-amenagement.fr\/2015\/amenagement-interieur-specifique\/","title":{"rendered":"Contactez-nous"},"content":{"rendered":"<p>[vc_row padding_top=\u00a0\u00bb120px\u00a0\u00bb][vc_column width=\u00a0\u00bb1\/3&Prime;][\/vc_column][vc_column width=\u00a0\u00bb2\/3&Prime;]<div class=\"eut-element eut-slogan eut-align-left\" style=\"\"><h2 class=\"eut-slogan-title eut-align-left eut-title-line\"><span>Un projet, une question ? <small>Cabane perch\u00e9e, am\u00e9nagement int\u00e9rieur sp\u00e9cifique, agrandissement de maison...<\/small><\/span><\/h2><\/div>[\/vc_column][\/vc_row][vc_row][vc_column width=\u00a0\u00bb1\/3&Prime;][vc_column_text animation=\u00a0\u00bbfadeInLeft\u00a0\u00bb animation_delay=\u00a0\u00bb300&Prime;]<\/p>\n<h6>SMG Am\u00e9nagement<\/h6>\n<p>9 rue du Stade<br \/>\nF-68600 BIESHEIM<br \/>\nP\/ +33 (0)6 38 59 62 39[\/vc_column_text]<div class=\"eut-element eut-align-left\"><a class=\"eut-btn eut-btn-medium eut-extra-round eut-grey-color eut-btn-line\" href=\"https:\/\/www.smg-amenagement.fr\/2015\/smg-professionnel-rge\/\" target=\"_self\" style=\"\"><span>Qui sommes-nous ?<\/span><\/a><\/div>[\/vc_column][vc_column width=\u00a0\u00bb2\/3&Prime;][vc_column_text text_style=\u00a0\u00bbleader-text\u00a0\u00bb css=\u00a0\u00bb.vc_custom_1634378148988{margin-bottom: 60px !important;}\u00a0\u00bb]Prenez le temps de compl\u00e9ter le formulaire ci-dessous.<br \/>\nNous aurons plaisir \u00e0 faire \u00e9voluer votre projet.[\/vc_column_text]<div role=\"form\" class=\"wpcf7\" id=\"wpcf7-f6203-o1\" lang=\"en-US\" dir=\"ltr\">\n<div class=\"screen-reader-response\"><p role=\"status\" aria-live=\"polite\" aria-atomic=\"true\"><\/p> <ul><\/ul><\/div>\n<form action=\"\/2015\/wp-json\/wp\/v2\/pages\/1573#wpcf7-f6203-o1\" method=\"post\" class=\"wpcf7-form init\" novalidate=\"novalidate\" data-status=\"init\">\n<div style=\"display: none;\">\n<input type=\"hidden\" name=\"_wpcf7\" value=\"6203\" \/>\n<input type=\"hidden\" name=\"_wpcf7_version\" value=\"5.4.2\" \/>\n<input type=\"hidden\" name=\"_wpcf7_locale\" value=\"en_US\" \/>\n<input type=\"hidden\" name=\"_wpcf7_unit_tag\" value=\"wpcf7-f6203-o1\" \/>\n<input type=\"hidden\" name=\"_wpcf7_container_post\" value=\"0\" \/>\n<input type=\"hidden\" name=\"_wpcf7_posted_data_hash\" value=\"\" \/>\n<input type=\"hidden\" name=\"_wpcf7_recaptcha_response\" value=\"\" \/>\n<\/div>\n<p>Votre nom (requis) <span class=\"wpcf7-form-control-wrap your-name\"><input type=\"text\" name=\"your-name\" value=\"\" size=\"40\" class=\"wpcf7-form-control wpcf7-text wpcf7-validates-as-required\" aria-required=\"true\" aria-invalid=\"false\" \/><\/span>Votre email (requis) <span class=\"wpcf7-form-control-wrap your-email\"><input type=\"email\" name=\"your-email\" value=\"\" size=\"40\" class=\"wpcf7-form-control wpcf7-text wpcf7-email wpcf7-validates-as-required wpcf7-validates-as-email\" aria-required=\"true\" aria-invalid=\"false\" \/><\/span>T\u00e9l\u00e9phone (requis) <span class=\"wpcf7-form-control-wrap your-phone\"><input type=\"tel\" name=\"your-phone\" value=\"\" size=\"40\" class=\"wpcf7-form-control wpcf7-text wpcf7-tel wpcf7-validates-as-required wpcf7-validates-as-tel\" aria-required=\"true\" aria-invalid=\"false\" \/><\/span>Sujet (requis) <span class=\"wpcf7-form-control-wrap your-place\"><input type=\"text\" name=\"your-place\" value=\"\" size=\"40\" class=\"wpcf7-form-control wpcf7-text wpcf7-validates-as-required\" aria-required=\"true\" aria-invalid=\"false\" \/><\/span>Lieu du projet (requis) <span class=\"wpcf7-form-control-wrap your-subject\"><input type=\"text\" name=\"your-subject\" value=\"\" size=\"40\" class=\"wpcf7-form-control wpcf7-text wpcf7-validates-as-required\" aria-required=\"true\" aria-invalid=\"false\" \/><\/span>Message (requis) <span class=\"wpcf7-form-control-wrap your-message\"><textarea name=\"your-message\" cols=\"40\" rows=\"10\" class=\"wpcf7-form-control wpcf7-textarea wpcf7-validates-as-required\" aria-required=\"true\" aria-invalid=\"false\"><\/textarea><\/span><input type=\"submit\" value=\"Envoyer\" class=\"wpcf7-form-control wpcf7-submit\" \/><\/p>\n<div class=\"wpcf7-response-output\" aria-hidden=\"true\"><\/div><\/form><\/div>[\/vc_column][\/vc_row][vc_row section_type=\u00a0\u00bbfullwidth-element\u00a0\u00bb padding_top=\u00a0\u00bb80px\u00a0\u00bb][vc_column]<div class=\"eut-map-wrapper\">  <div style=\"display:none\" class=\"eut-map-point\" data-point-lat=\"47.700170\" data-point-lng=\"7.052414\" data-point-marker=\"https:\/\/www.smg-amenagement.fr\/2015\/wp-content\/uploads\/2015\/06\/logo-smg-map.png\" data-point-title=\"\"><\/div>  <div class=\"eut-element eut-map\" data-lat=\"47.700170\" data-lng=\"7.052414\" data-zoom=\"7\" style=\"height: 500px;\"><\/div><\/div>[\/vc_column][\/vc_row]<\/p>\n","protected":false},"excerpt":{"rendered":"<p>[vc_row padding_top=\u00a0\u00bb120px\u00a0\u00bb][vc_column width=\u00a0\u00bb1\/3&Prime;][\/vc_column][vc_column width=\u00a0\u00bb2\/3&Prime;][\/vc_column][\/vc_row][vc_row][vc_column width=\u00a0\u00bb1\/3&Prime;][vc_column_text animation=\u00a0\u00bbfadeInLeft\u00a0\u00bb animation_delay=\u00a0\u00bb300&Prime;] SMG Am\u00e9nagement 9 rue du Stade F-68600 BIESHEIM P\/ +33 (0)6 38 59 62 39[\/vc_column_text][\/vc_column][vc_column width=\u00a0\u00bb2\/3&Prime;][vc_column_text text_style=\u00a0\u00bbleader-text\u00a0\u00bb css=\u00a0\u00bb.vc_custom_1634378148988{margin-bottom: 60px !important;}\u00a0\u00bb]Prenez le temps de compl\u00e9ter le formulaire ci-dessous. Nous aurons plaisir \u00e0 faire \u00e9voluer votre projet.[\/vc_column_text][\/vc_column][\/vc_row][vc_row section_type=\u00a0\u00bbfullwidth-element\u00a0\u00bb padding_top=\u00a0\u00bb80px\u00a0\u00bb][vc_column][\/vc_column][\/vc_row]<\/p>\n","protected":false},"author":2,"featured_media":0,"parent":0,"menu_order":0,"comment_status":"closed","ping_status":"closed","template":"","meta":[],"yoast_head":"<!-- This site is optimized with the Yoast SEO plugin v17.1 - https:\/\/yoast.com\/wordpress\/plugins\/seo\/ -->\n<title>Am\u00e9nagement int\u00e9rieur sp\u00e9cifique : SMG Am\u00e9nagement \/ Alsace<\/title>\n<meta name=\"description\" content=\"Vous avez une question \u00e0 propos de l&#039;am\u00e9nagement int\u00e9rieur sp\u00e9cifique de votre maison ou la construction d&#039;une cabane dans les arbres ? Contactez-nous !\" \/>\n<meta name=\"robots\" content=\"index, follow, max-snippet:-1, max-image-preview:large, max-video-preview:-1\" \/>\n<link rel=\"canonical\" href=\"https:\/\/www.smg-amenagement.fr\/2015\/amenagement-interieur-specifique\/\" \/>\n<meta property=\"og:locale\" content=\"fr_FR\" \/>\n<meta property=\"og:type\" content=\"article\" \/>\n<meta property=\"og:title\" content=\"Am\u00e9nagement int\u00e9rieur sp\u00e9cifique : SMG Am\u00e9nagement \/ Alsace\" \/>\n<meta property=\"og:description\" content=\"Vous avez une question \u00e0 propos de l&#039;am\u00e9nagement int\u00e9rieur sp\u00e9cifique de votre maison ou la construction d&#039;une cabane dans les arbres ? Contactez-nous !\" \/>\n<meta property=\"og:url\" content=\"https:\/\/www.smg-amenagement.fr\/2015\/amenagement-interieur-specifique\/\" \/>\n<meta property=\"og:site_name\" content=\"SMG Am\u00e9nagement sp\u00e9cifique\" \/>\n<meta property=\"article:publisher\" content=\"https:\/\/www.facebook.com\/smgamenagement.fr\/\" \/>\n<meta property=\"article:modified_time\" content=\"2024-08-24T10:19:17+00:00\" \/>\n<meta name=\"twitter:card\" content=\"summary\" \/>\n<meta name=\"twitter:label1\" content=\"Dur\u00e9e de lecture est.\" \/>\n\t<meta name=\"twitter:data1\" content=\"1 minute\" \/>\n<script type=\"application\/ld+json\" class=\"yoast-schema-graph\">{\"@context\":\"https:\/\/schema.org\",\"@graph\":[{\"@type\":\"WebSite\",\"@id\":\"https:\/\/www.smg-amenagement.fr\/2015\/#website\",\"url\":\"https:\/\/www.smg-amenagement.fr\/2015\/\",\"name\":\"SMG Am\\u00e9nagement sp\\u00e9cifique\",\"description\":\"\",\"potentialAction\":[{\"@type\":\"SearchAction\",\"target\":{\"@type\":\"EntryPoint\",\"urlTemplate\":\"https:\/\/www.smg-amenagement.fr\/2015\/?s={search_term_string}\"},\"query-input\":\"required name=search_term_string\"}],\"inLanguage\":\"fr-FR\"},{\"@type\":\"WebPage\",\"@id\":\"https:\/\/www.smg-amenagement.fr\/2015\/amenagement-interieur-specifique\/#webpage\",\"url\":\"https:\/\/www.smg-amenagement.fr\/2015\/amenagement-interieur-specifique\/\",\"name\":\"Am\\u00e9nagement int\\u00e9rieur sp\\u00e9cifique : SMG Am\\u00e9nagement \/ Alsace\",\"isPartOf\":{\"@id\":\"https:\/\/www.smg-amenagement.fr\/2015\/#website\"},\"datePublished\":\"2015-06-28T15:31:00+00:00\",\"dateModified\":\"2024-08-24T10:19:17+00:00\",\"description\":\"Vous avez une question \\u00e0 propos de l'am\\u00e9nagement int\\u00e9rieur sp\\u00e9cifique de votre maison ou la construction d'une cabane dans les arbres ? Contactez-nous !\",\"breadcrumb\":{\"@id\":\"https:\/\/www.smg-amenagement.fr\/2015\/amenagement-interieur-specifique\/#breadcrumb\"},\"inLanguage\":\"fr-FR\",\"potentialAction\":[{\"@type\":\"ReadAction\",\"target\":[\"https:\/\/www.smg-amenagement.fr\/2015\/amenagement-interieur-specifique\/\"]}]},{\"@type\":\"BreadcrumbList\",\"@id\":\"https:\/\/www.smg-amenagement.fr\/2015\/amenagement-interieur-specifique\/#breadcrumb\",\"itemListElement\":[{\"@type\":\"ListItem\",\"position\":1,\"name\":\"Contactez-nous\"}]}]}<\/script>\n<!-- \/ Yoast SEO plugin. -->","yoast_head_json":{"title":"Am\u00e9nagement int\u00e9rieur sp\u00e9cifique : SMG Am\u00e9nagement \/ Alsace","description":"Vous avez une question \u00e0 propos de l'am\u00e9nagement int\u00e9rieur sp\u00e9cifique de votre maison ou la construction d'une cabane dans les arbres ? Contactez-nous !","robots":{"index":"index","follow":"follow","max-snippet":"max-snippet:-1","max-image-preview":"max-image-preview:large","max-video-preview":"max-video-preview:-1"},"canonical":"https:\/\/www.smg-amenagement.fr\/2015\/amenagement-interieur-specifique\/","og_locale":"fr_FR","og_type":"article","og_title":"Am\u00e9nagement int\u00e9rieur sp\u00e9cifique : SMG Am\u00e9nagement \/ Alsace","og_description":"Vous avez une question \u00e0 propos de l'am\u00e9nagement int\u00e9rieur sp\u00e9cifique de votre maison ou la construction d'une cabane dans les arbres ? Contactez-nous !","og_url":"https:\/\/www.smg-amenagement.fr\/2015\/amenagement-interieur-specifique\/","og_site_name":"SMG Am\u00e9nagement sp\u00e9cifique","article_publisher":"https:\/\/www.facebook.com\/smgamenagement.fr\/","article_modified_time":"2024-08-24T10:19:17+00:00","twitter_card":"summary","twitter_misc":{"Dur\u00e9e de lecture est.":"1 minute"},"schema":{"@context":"https:\/\/schema.org","@graph":[{"@type":"WebSite","@id":"https:\/\/www.smg-amenagement.fr\/2015\/#website","url":"https:\/\/www.smg-amenagement.fr\/2015\/","name":"SMG Am\u00e9nagement sp\u00e9cifique","description":"","potentialAction":[{"@type":"SearchAction","target":{"@type":"EntryPoint","urlTemplate":"https:\/\/www.smg-amenagement.fr\/2015\/?s={search_term_string}"},"query-input":"required name=search_term_string"}],"inLanguage":"fr-FR"},{"@type":"WebPage","@id":"https:\/\/www.smg-amenagement.fr\/2015\/amenagement-interieur-specifique\/#webpage","url":"https:\/\/www.smg-amenagement.fr\/2015\/amenagement-interieur-specifique\/","name":"Am\u00e9nagement int\u00e9rieur sp\u00e9cifique : SMG Am\u00e9nagement \/ Alsace","isPartOf":{"@id":"https:\/\/www.smg-amenagement.fr\/2015\/#website"},"datePublished":"2015-06-28T15:31:00+00:00","dateModified":"2024-08-24T10:19:17+00:00","description":"Vous avez une question \u00e0 propos de l'am\u00e9nagement int\u00e9rieur sp\u00e9cifique de votre maison ou la construction d'une cabane dans les arbres ? Contactez-nous !","breadcrumb":{"@id":"https:\/\/www.smg-amenagement.fr\/2015\/amenagement-interieur-specifique\/#breadcrumb"},"inLanguage":"fr-FR","potentialAction":[{"@type":"ReadAction","target":["https:\/\/www.smg-amenagement.fr\/2015\/amenagement-interieur-specifique\/"]}]},{"@type":"BreadcrumbList","@id":"https:\/\/www.smg-amenagement.fr\/2015\/amenagement-interieur-specifique\/#breadcrumb","itemListElement":[{"@type":"ListItem","position":1,"name":"Contactez-nous"}]}]}},"_links":{"self":[{"href":"https:\/\/www.smg-amenagement.fr\/2015\/wp-json\/wp\/v2\/pages\/1573"}],"collection":[{"href":"https:\/\/www.smg-amenagement.fr\/2015\/wp-json\/wp\/v2\/pages"}],"about":[{"href":"https:\/\/www.smg-amenagement.fr\/2015\/wp-json\/wp\/v2\/types\/page"}],"author":[{"embeddable":true,"href":"https:\/\/www.smg-amenagement.fr\/2015\/wp-json\/wp\/v2\/users\/2"}],"replies":[{"embeddable":true,"href":"https:\/\/www.smg-amenagement.fr\/2015\/wp-json\/wp\/v2\/comments?post=1573"}],"version-history":[{"count":3,"href":"https:\/\/www.smg-amenagement.fr\/2015\/wp-json\/wp\/v2\/pages\/1573\/revisions"}],"predecessor-version":[{"id":7625,"href":"https:\/\/www.smg-amenagement.fr\/2015\/wp-json\/wp\/v2\/pages\/1573\/revisions\/7625"}],"wp:attachment":[{"href":"https:\/\/www.smg-amenagement.fr\/2015\/wp-json\/wp\/v2\/media?parent=1573"}],"curies":[{"name":"wp","href":"https:\/\/api.w.org\/{rel}","templated":true}]}}