{"id":1494,"date":"2015-06-28T12:32:46","date_gmt":"2015-06-28T11:32:46","guid":{"rendered":"https:\/\/www.smg-amenagement.fr\/2015\/team-expandable-info\/"},"modified":"2021-07-07T17:24:56","modified_gmt":"2021-07-07T16:24:56","slug":"smg-professionnel-rge","status":"publish","type":"page","link":"https:\/\/www.smg-amenagement.fr\/2015\/smg-professionnel-rge\/","title":{"rendered":"Qui sommes-nous ?"},"content":{"rendered":"<p>[vc_row header_feature=\u00a0\u00bbyes\u00a0\u00bb padding_top=\u00a0\u00bb120&Prime; padding_bottom=\u00a0\u00bb90&Prime; margin_bottom=\u00a0\u00bb0&Prime;][vc_column css=\u00a0\u00bb.vc_custom_1446058427905{padding-top: 60px !important;padding-right: 15% !important;padding-left: 15% !important;}\u00a0\u00bb]<div class=\"eut-element eut-slogan eut-align-center eut-animated-item eut-fadeInUp\" style=\"\" data-delay=\"200\"><h2 class=\"eut-slogan-title eut-align-center eut-title-no-line\"><span>SMG Am\u00e9nagement <small>Experts professionnels de l'am\u00e9nagement<\/small><\/span><\/h2>  <p class=\"eut-leader-text\">Passionn\u00e9s par nos m\u00e9tiers et guid\u00e9s par des ambitions communes, nos comp\u00e9tences compl\u00e9mentaires nous permettent de proposer des prestations d&rsquo;am\u00e9nagement int\u00e9rieur et ext\u00e9rieur \u00e9labor\u00e9es.<\/p><\/div>[\/vc_column][\/vc_row][vc_row margin_bottom=\u00a0\u00bb0&Prime; padding_bottom=\u00a0\u00bb100px\u00a0\u00bb][vc_column width=\u00a0\u00bb1\/2&Prime; css=\u00a0\u00bb.vc_custom_1447785043216{padding-right: 8% !important;padding-left: 8% !important;}\u00a0\u00bb]\n\t\t<div class=\"eut-team eut-element eut-animated-item eut-fadeInUp photo-round\" style=\"\" data-delay=\"200\">\n\t\t\t<figure>\n\t\t\t\t\t\t\t\t<div class=\"eut-team-person eut-media eut-align-center\">\n\t\t\t\t\t<img width=\"500\" height=\"500\" src=\"https:\/\/www.smg-amenagement.fr\/2015\/wp-content\/uploads\/2015\/06\/nav_qui-sommes-nous_ph1.jpg\" class=\"attachment-eut-image-small-square size-eut-image-small-square\" alt=\"S\u00e9bastien Miguet - Professionnel RGE\" srcset=\"https:\/\/www.smg-amenagement.fr\/2015\/wp-content\/uploads\/2015\/06\/nav_qui-sommes-nous_ph1.jpg 500w, https:\/\/www.smg-amenagement.fr\/2015\/wp-content\/uploads\/2015\/06\/nav_qui-sommes-nous_ph1-300x300.jpg 300w, https:\/\/www.smg-amenagement.fr\/2015\/wp-content\/uploads\/2015\/06\/nav_qui-sommes-nous_ph1-150x150.jpg 150w, https:\/\/www.smg-amenagement.fr\/2015\/wp-content\/uploads\/2015\/06\/nav_qui-sommes-nous_ph1-20x20.jpg 20w\" sizes=\"(max-width: 500px) 100vw, 500px\" \/>\t\t\t\t<\/div>\n\t\t\t\t\t\t\t\t<figcaption>\n\t\t\t\t\t<div class=\"eut-team-description eut-align-center\">\n\t\t\t\t\t\t<div class=\"eut-team-identity eut-subtitle\">G\u00e9rant &amp; Fondateur<\/div>\n\t\t\t\t\t\t\t\t\t\t\t\t<h5 class=\"eut-team-name\">S\u00e9bastien Miguet<\/h5>\n\t\t\t\t\t\t\t\t\t\t\t\t\t\t\t\t\t\t<p class=\"eut-team-content\">Apr\u00e8s mes d\u00e9buts de \u00ab Charpentier en herbe \u00bb en Savoie, j\u2019ai quitt\u00e9 mon pays montagneux pour rejoindre la plaine d\u2019Alsace en 1997. Bien d\u00e9cid\u00e9 \u00e0 gravir les plus hauts sommets d\u2019Alsace, j\u2019ai poursuivi mes \u00e9tudes et obtenu mon brevet Professionnel de charpentier en 2001 avant de devenir, en mars 2010, responsable en bureau d\u2019\u00e9tudes de charpentes et structures bois.<\/p>\n<p>Mais la nostalgie et le mal des montagnes depuis ma chaise de bureau m\u2019ont pouss\u00e9 \u00e0 cr\u00e9er SMG Am\u00e9nagement afin de me r\u00e9aliser aux travers d\u2019ouvrages sp\u00e9cifiques en bois, ce mat\u00e9riau qui me passionne et que j\u2019aime tant travailler.<\/p>\n\t\t\t\t\t\t\t\t\t\t\t<\/div>\n\t\t\t\t\t\t\t\t\t<\/figcaption>\n\t\t\t<\/figure>\n\t\t<\/div>\n\n\t\t[\/vc_column][vc_column width=\u00a0\u00bb1\/2&Prime; css=\u00a0\u00bb.vc_custom_1447785053615{padding-right: 8% !important;padding-left: 8% !important;}\u00a0\u00bb]\n\t\t<div class=\"eut-team eut-element eut-animated-item eut-fadeInUp photo-round\" style=\"\" data-delay=\"600\">\n\t\t\t<figure>\n\t\t\t\t\t\t\t\t<div class=\"eut-team-person eut-media eut-align-center\">\n\t\t\t\t\t<img width=\"500\" height=\"500\" src=\"https:\/\/www.smg-amenagement.fr\/2015\/wp-content\/uploads\/2015\/06\/nav_qui-sommes-nous_ph2.jpg\" class=\"attachment-eut-image-small-square size-eut-image-small-square\" alt=\"Gilles Maranzana - Professionnel RGE\" srcset=\"https:\/\/www.smg-amenagement.fr\/2015\/wp-content\/uploads\/2015\/06\/nav_qui-sommes-nous_ph2.jpg 500w, https:\/\/www.smg-amenagement.fr\/2015\/wp-content\/uploads\/2015\/06\/nav_qui-sommes-nous_ph2-300x300.jpg 300w, https:\/\/www.smg-amenagement.fr\/2015\/wp-content\/uploads\/2015\/06\/nav_qui-sommes-nous_ph2-150x150.jpg 150w, https:\/\/www.smg-amenagement.fr\/2015\/wp-content\/uploads\/2015\/06\/nav_qui-sommes-nous_ph2-20x20.jpg 20w\" sizes=\"(max-width: 500px) 100vw, 500px\" \/>\t\t\t\t<\/div>\n\t\t\t\t\t\t\t\t<figcaption>\n\t\t\t\t\t<div class=\"eut-team-description eut-align-center\">\n\t\t\t\t\t\t<div class=\"eut-team-identity eut-subtitle\">G\u00e9rant &amp; Fondateur<\/div>\n\t\t\t\t\t\t\t\t\t\t\t\t<h5 class=\"eut-team-name\">Gilles Maranzana<\/h5>\n\t\t\t\t\t\t\t\t\t\t\t\t\t\t\t\t\t\t<p class=\"eut-team-content\">Une exp\u00e9rience de 15 ann\u00e9es en tant que pl\u00e2trier plaquiste dans diff\u00e9rentes entreprises m&rsquo;a permis de bonifier mon exp\u00e9rience professionnelle. Durant ces ann\u00e9es travaill\u00e9es au sein de ces entreprises, j\u2019ai appris \u00e0 r\u00e9aliser mes ouvrages avec d\u2019autres corps d\u2019\u00e9tat et de concevoir des prestations de toute taille.<\/p>\n<p>Lors de mon parcours j\u2019ai fait la rencontre de S\u00e9bastien, avec qui j&rsquo;ai pu travailler plusieurs ann\u00e9es. Complices dans notre travail, nous avons eu le m\u00eame d\u00e9clic, le m\u00eame but : r\u00e9aliser nos propres ouvrages, avec notre propre philosophie des m\u00e9tiers de l&rsquo;am\u00e9nagement sp\u00e9cifique.<\/p>\n\t\t\t\t\t\t\t\t\t\t\t<\/div>\n\t\t\t\t\t\t\t\t\t<\/figcaption>\n\t\t\t<\/figure>\n\t\t<\/div>\n\n\t\t[\/vc_column][\/vc_row][vc_row][vc_column][vc_column_text]<\/p>\n<p>&nbsp;[\/vc_column_text][\/vc_column][\/vc_row]<\/p>\n","protected":false},"excerpt":{"rendered":"<p>[vc_row header_feature=\u00a0\u00bbyes\u00a0\u00bb padding_top=\u00a0\u00bb120&Prime; padding_bottom=\u00a0\u00bb90&Prime; margin_bottom=\u00a0\u00bb0&Prime;][vc_column css=\u00a0\u00bb.vc_custom_1446058427905{padding-top: 60px !important;padding-right: 15% !important;padding-left: 15% !important;}\u00a0\u00bb][\/vc_column][\/vc_row][vc_row margin_bottom=\u00a0\u00bb0&Prime; padding_bottom=\u00a0\u00bb100px\u00a0\u00bb][vc_column width=\u00a0\u00bb1\/2&Prime; css=\u00a0\u00bb.vc_custom_1447785043216{padding-right: 8% !important;padding-left: 8% !important;}\u00a0\u00bb][\/vc_column][vc_column width=\u00a0\u00bb1\/2&Prime; css=\u00a0\u00bb.vc_custom_1447785053615{padding-right: 8% !important;padding-left: 8% !important;}\u00a0\u00bb][\/vc_column][\/vc_row][vc_row][vc_column][vc_column_text] &nbsp;[\/vc_column_text][\/vc_column][\/vc_row]<\/p>\n","protected":false},"author":2,"featured_media":0,"parent":0,"menu_order":0,"comment_status":"closed","ping_status":"closed","template":"","meta":[],"yoast_head":"<!-- This site is optimized with the Yoast SEO plugin v17.1 - https:\/\/yoast.com\/wordpress\/plugins\/seo\/ -->\n<title>Des professionnels de l&#039;am\u00e9nagement : SMG Am\u00e9nagement (Alsace)<\/title>\n<meta name=\"description\" content=\"Fond\u00e9e par deux passionn\u00e9s chevronn\u00e9s et professionnels de l&#039;am\u00e9nagement, SMG Am\u00e9nagement est sp\u00e9cialiste de l&#039;am\u00e9nagement int\u00e9rieur et ext\u00e9rieur en Alsace.\" \/>\n<meta name=\"robots\" content=\"index, follow, max-snippet:-1, max-image-preview:large, max-video-preview:-1\" \/>\n<link rel=\"canonical\" href=\"https:\/\/www.smg-amenagement.fr\/2015\/smg-professionnel-rge\/\" \/>\n<meta property=\"og:locale\" content=\"fr_FR\" \/>\n<meta property=\"og:type\" content=\"article\" \/>\n<meta property=\"og:title\" content=\"Des professionnels de l&#039;am\u00e9nagement : SMG Am\u00e9nagement (Alsace)\" \/>\n<meta property=\"og:description\" content=\"Fond\u00e9e par deux passionn\u00e9s chevronn\u00e9s et professionnels de l&#039;am\u00e9nagement, SMG Am\u00e9nagement est sp\u00e9cialiste de l&#039;am\u00e9nagement int\u00e9rieur et ext\u00e9rieur en Alsace.\" \/>\n<meta property=\"og:url\" content=\"https:\/\/www.smg-amenagement.fr\/2015\/smg-professionnel-rge\/\" \/>\n<meta property=\"og:site_name\" content=\"SMG Am\u00e9nagement sp\u00e9cifique\" \/>\n<meta property=\"article:publisher\" content=\"https:\/\/www.facebook.com\/smgamenagement.fr\/\" \/>\n<meta property=\"article:modified_time\" content=\"2021-07-07T16:24:56+00:00\" \/>\n<meta name=\"twitter:card\" content=\"summary\" \/>\n<meta name=\"twitter:label1\" content=\"Dur\u00e9e de lecture est.\" \/>\n\t<meta name=\"twitter:data1\" content=\"2 minutes\" \/>\n<script type=\"application\/ld+json\" class=\"yoast-schema-graph\">{\"@context\":\"https:\/\/schema.org\",\"@graph\":[{\"@type\":\"WebSite\",\"@id\":\"https:\/\/www.smg-amenagement.fr\/2015\/#website\",\"url\":\"https:\/\/www.smg-amenagement.fr\/2015\/\",\"name\":\"SMG Am\\u00e9nagement sp\\u00e9cifique\",\"description\":\"\",\"potentialAction\":[{\"@type\":\"SearchAction\",\"target\":{\"@type\":\"EntryPoint\",\"urlTemplate\":\"https:\/\/www.smg-amenagement.fr\/2015\/?s={search_term_string}\"},\"query-input\":\"required name=search_term_string\"}],\"inLanguage\":\"fr-FR\"},{\"@type\":\"WebPage\",\"@id\":\"https:\/\/www.smg-amenagement.fr\/2015\/smg-professionnel-rge\/#webpage\",\"url\":\"https:\/\/www.smg-amenagement.fr\/2015\/smg-professionnel-rge\/\",\"name\":\"Des professionnels de l'am\\u00e9nagement : SMG Am\\u00e9nagement (Alsace)\",\"isPartOf\":{\"@id\":\"https:\/\/www.smg-amenagement.fr\/2015\/#website\"},\"datePublished\":\"2015-06-28T11:32:46+00:00\",\"dateModified\":\"2021-07-07T16:24:56+00:00\",\"description\":\"Fond\\u00e9e par deux passionn\\u00e9s chevronn\\u00e9s et professionnels de l'am\\u00e9nagement, SMG Am\\u00e9nagement est sp\\u00e9cialiste de l'am\\u00e9nagement int\\u00e9rieur et ext\\u00e9rieur en Alsace.\",\"breadcrumb\":{\"@id\":\"https:\/\/www.smg-amenagement.fr\/2015\/smg-professionnel-rge\/#breadcrumb\"},\"inLanguage\":\"fr-FR\",\"potentialAction\":[{\"@type\":\"ReadAction\",\"target\":[\"https:\/\/www.smg-amenagement.fr\/2015\/smg-professionnel-rge\/\"]}]},{\"@type\":\"BreadcrumbList\",\"@id\":\"https:\/\/www.smg-amenagement.fr\/2015\/smg-professionnel-rge\/#breadcrumb\",\"itemListElement\":[{\"@type\":\"ListItem\",\"position\":1,\"name\":\"Qui sommes-nous ?\"}]}]}<\/script>\n<!-- \/ Yoast SEO plugin. -->","yoast_head_json":{"title":"Des professionnels de l'am\u00e9nagement : SMG Am\u00e9nagement (Alsace)","description":"Fond\u00e9e par deux passionn\u00e9s chevronn\u00e9s et professionnels de l'am\u00e9nagement, SMG Am\u00e9nagement est sp\u00e9cialiste de l'am\u00e9nagement int\u00e9rieur et ext\u00e9rieur en Alsace.","robots":{"index":"index","follow":"follow","max-snippet":"max-snippet:-1","max-image-preview":"max-image-preview:large","max-video-preview":"max-video-preview:-1"},"canonical":"https:\/\/www.smg-amenagement.fr\/2015\/smg-professionnel-rge\/","og_locale":"fr_FR","og_type":"article","og_title":"Des professionnels de l'am\u00e9nagement : SMG Am\u00e9nagement (Alsace)","og_description":"Fond\u00e9e par deux passionn\u00e9s chevronn\u00e9s et professionnels de l'am\u00e9nagement, SMG Am\u00e9nagement est sp\u00e9cialiste de l'am\u00e9nagement int\u00e9rieur et ext\u00e9rieur en Alsace.","og_url":"https:\/\/www.smg-amenagement.fr\/2015\/smg-professionnel-rge\/","og_site_name":"SMG Am\u00e9nagement sp\u00e9cifique","article_publisher":"https:\/\/www.facebook.com\/smgamenagement.fr\/","article_modified_time":"2021-07-07T16:24:56+00:00","twitter_card":"summary","twitter_misc":{"Dur\u00e9e de lecture est.":"2 minutes"},"schema":{"@context":"https:\/\/schema.org","@graph":[{"@type":"WebSite","@id":"https:\/\/www.smg-amenagement.fr\/2015\/#website","url":"https:\/\/www.smg-amenagement.fr\/2015\/","name":"SMG Am\u00e9nagement sp\u00e9cifique","description":"","potentialAction":[{"@type":"SearchAction","target":{"@type":"EntryPoint","urlTemplate":"https:\/\/www.smg-amenagement.fr\/2015\/?s={search_term_string}"},"query-input":"required name=search_term_string"}],"inLanguage":"fr-FR"},{"@type":"WebPage","@id":"https:\/\/www.smg-amenagement.fr\/2015\/smg-professionnel-rge\/#webpage","url":"https:\/\/www.smg-amenagement.fr\/2015\/smg-professionnel-rge\/","name":"Des professionnels de l'am\u00e9nagement : SMG Am\u00e9nagement (Alsace)","isPartOf":{"@id":"https:\/\/www.smg-amenagement.fr\/2015\/#website"},"datePublished":"2015-06-28T11:32:46+00:00","dateModified":"2021-07-07T16:24:56+00:00","description":"Fond\u00e9e par deux passionn\u00e9s chevronn\u00e9s et professionnels de l'am\u00e9nagement, SMG Am\u00e9nagement est sp\u00e9cialiste de l'am\u00e9nagement int\u00e9rieur et ext\u00e9rieur en Alsace.","breadcrumb":{"@id":"https:\/\/www.smg-amenagement.fr\/2015\/smg-professionnel-rge\/#breadcrumb"},"inLanguage":"fr-FR","potentialAction":[{"@type":"ReadAction","target":["https:\/\/www.smg-amenagement.fr\/2015\/smg-professionnel-rge\/"]}]},{"@type":"BreadcrumbList","@id":"https:\/\/www.smg-amenagement.fr\/2015\/smg-professionnel-rge\/#breadcrumb","itemListElement":[{"@type":"ListItem","position":1,"name":"Qui sommes-nous ?"}]}]}},"_links":{"self":[{"href":"https:\/\/www.smg-amenagement.fr\/2015\/wp-json\/wp\/v2\/pages\/1494"}],"collection":[{"href":"https:\/\/www.smg-amenagement.fr\/2015\/wp-json\/wp\/v2\/pages"}],"about":[{"href":"https:\/\/www.smg-amenagement.fr\/2015\/wp-json\/wp\/v2\/types\/page"}],"author":[{"embeddable":true,"href":"https:\/\/www.smg-amenagement.fr\/2015\/wp-json\/wp\/v2\/users\/2"}],"replies":[{"embeddable":true,"href":"https:\/\/www.smg-amenagement.fr\/2015\/wp-json\/wp\/v2\/comments?post=1494"}],"version-history":[{"count":0,"href":"https:\/\/www.smg-amenagement.fr\/2015\/wp-json\/wp\/v2\/pages\/1494\/revisions"}],"wp:attachment":[{"href":"https:\/\/www.smg-amenagement.fr\/2015\/wp-json\/wp\/v2\/media?parent=1494"}],"curies":[{"name":"wp","href":"https:\/\/api.w.org\/{rel}","templated":true}]}}